{"id":831,"date":"2025-06-03T12:27:20","date_gmt":"2025-06-03T12:27:20","guid":{"rendered":"https:\/\/pavonaparking.com\/parken\/"},"modified":"2026-02-13T03:28:13","modified_gmt":"2026-02-13T03:28:13","slug":"parken","status":"publish","type":"page","link":"https:\/\/pavonaparking.com\/de\/","title":{"rendered":"Parken"},"content":{"rendered":"\n<div class=\"wp-block-uagb-container uagb-block-cd08ac4c alignfull uagb-is-root-container\"><div class=\"uagb-container-inner-blocks-wrap\">\n<div class=\"wp-block-uagb-info-box uagb-block-1cbb6637 uagb-infobox__content-wrap  uagb-infobox-icon-above-title uagb-infobox-image-valign-top wp-block-uagb-info-box--has-margin\"><div class=\"uagb-infobox-margin-wrapper\"><div class=\"uagb-ifb-content\"><div class=\"uagb-ifb-title-wrap\"><p class=\"uagb-ifb-title-prefix\">Offizieller Parkplatz am La Pavona Dock<\/p><h1 class=\"uagb-ifb-title\">Sicherer Parkplatz in La Pavona f\u00fcr Besucher von Tortuguero  <\/h1><\/div><div class=\"uagb-ifb-button-wrapper wp-block-button\"><a href=\"https:\/\/book.peek.com\/s\/0de9be3e-e573-4559-8890-756e5fa8648a\/XRE6X\" class=\"uagb-infobox-cta-link wp-block-button__link\" target=\"_blank\" rel=\"noopener noreferrer\" onclick=\"return true;\"><span class=\"uagb-inline-editing\">Sichern Sie hier Ihren Parkplatz<\/span><\/a><\/div><\/div><\/div><\/div>\n\n\n\n<h2 class=\"wp-block-heading has-text-align-center has-white-color has-text-color has-link-color has-medium-font-size wp-elements-d83d283e6ed65fb952b76fd4cbcee2a2\" style=\"margin-top:10px\">Die sicherste Art zu parken und zu reisen.  <br\/>Buchen Sie Ihren sicheren Parkplatz und Ihre Bootstickets nach Tortuguero an einem Ort<\/h2>\n<\/div><\/div>\n\n<hr class=\"wp-block-separator has-alpha-channel-opacity is-style-default\" style=\"margin-top:10px\"\/>\n\n<div class=\"wp-block-uagb-container uagb-block-483a92cd alignfull uagb-is-root-container\"><div class=\"uagb-container-inner-blocks-wrap\">\n<div class=\"wp-block-uagb-container uagb-block-4b1402aa\">\n<h2 class=\"wp-block-heading\">Sicheres Parken auf <br\/>La Pavona Dock<\/h2>\n\n\n\n<p>Die bequemste Art, Ihr Fahrzeug unterzustellen, w\u00e4hrend Sie Tortuguero erkunden.<br\/><br\/>\ud83d\udee1\ufe0f <strong>Totale Sicherheit:<\/strong> 24\/7 Personal vor Ort, Umz\u00e4unung und \u00fcberwachte Kameras.<br\/>\ud83d\udccd <strong>Beste Lage:<\/strong> Direkt an der Anlegestelle von La Pavona gelegen, mit direktem Zugang zum Boot.<br\/>\ud83d\ude97 <strong>Parkm\u00f6glichkeiten:<\/strong> Sowohl \u00fcberdachte als auch nicht \u00fcberdachte Stellpl\u00e4tze verf\u00fcgbar.<br\/>\ud83c\udf92 <strong>Volle Unterst\u00fctzung:<\/strong> Wir helfen Ihnen mit Ihrem Gep\u00e4ck und f\u00fchren Sie zum richtigen Boot.<br\/>\ud83d\udebb <strong>Annehmlichkeiten vor Ort:<\/strong> Saubere Toiletten und ein Restaurant stehen Ihnen zur Verf\u00fcgung, w\u00e4hrend Sie warten.<br\/><br\/><strong>Einfache Tagestarife und sofortige Buchung<\/strong> Ob Sie f\u00fcr einen Tagesausflug oder eine \u00dcbernachtung kommen, Ihr Auto bleibt in professionellen H\u00e4nden. Riskieren Sie es nicht mit inoffiziellen Stra\u00dfenparkpl\u00e4tzen, sondern entscheiden Sie sich f\u00fcr die vertrauensw\u00fcrdigen Einrichtungen von La Pavona. <\/p>\n<\/div>\n\n\n\n<div class=\"wp-block-uagb-container uagb-block-1e7d4779\">\n<div class=\"wp-block-uagb-image alignleft uagb-block-b14d98aa wp-block-uagb-image--layout-default wp-block-uagb-image--effect-static wp-block-uagb-image--align-left aligncenter\"><figure class=\"wp-block-uagb-image__figure\"><img decoding=\"async\" srcset=\"https:\/\/pavonaparking.com\/wp-content\/uploads\/2025\/06\/1748962912782-1024x683.jpg ,https:\/\/pavonaparking.com\/wp-content\/uploads\/2025\/06\/1748962912782-e1748974572681.jpg 780w, https:\/\/pavonaparking.com\/wp-content\/uploads\/2025\/06\/1748962912782-e1748974572681.jpg 360w\" sizes=\"auto, (max-width: 480px) 150px\" src=\"https:\/\/pavonaparking.com\/wp-content\/uploads\/2025\/06\/1748962912782-1024x683.jpg\" alt=\"\" class=\"uag-image-563\" width=\"1024\" height=\"683\" title=\"1748962912782\" loading=\"lazy\" role=\"img\"><\/figure><\/div>\n<\/div>\n<\/div><\/div>\n\n<div class=\"wp-block-uagb-container uagb-block-4cd6ad04 alignfull uagb-is-root-container\"><div class=\"uagb-container-inner-blocks-wrap\">\n<div class=\"wp-block-uagb-advanced-heading uagb-block-f9651312\"><h2 class=\"uagb-heading-text\">Sie planen Ihre Reise?<\/h2><\/div>\n\n\n\n<p class=\"has-text-align-center has-medium-font-size\" style=\"margin-top:0;margin-bottom:0\">\u00dcberpr\u00fcfen Sie die \u00f6ffentlichen Bootsabfahrten nach Tortuguero, damit Sie p\u00fcnktlich ankommen.<\/p>\n\n\n\n<p class=\"has-text-align-center has-medium-font-size\">\ud83d\udc49 Den Fahrplan finden Sie hier:<a href=\"https:\/\/pavonaparking.com\/boat-transfers\/\" title=\"Bootstransfers\"> <\/a><a href=\"https:\/\/pavonaparking.com\/de\/la-pavona-nach-tortuguero-boot\/\" title=\"&#xD6;ffentliches Boot\">Bootstransfers<\/a><\/p>\n<\/div><\/div>\n\n<div id=\"preguntas-seguridad\" class=\"wp-block-uagb-container uagb-block-159c9e0d alignfull uagb-is-root-container\"><div class=\"uagb-container-inner-blocks-wrap\">\n<div class=\"wp-block-uagb-advanced-heading uagb-block-4e73d433\"><h2 class=\"uagb-heading-text\">Pavona Parken &#8211; FAQs<\/h2><\/div>\n<\/div><\/div>\n<div class=\"wp-block-uagb-faq uagb-faq__outer-wrap uagb-block-14190282 uagb-faq-icon-row uagb-faq-layout-accordion uagb-faq-expand-first-true uagb-faq-inactive-other-true uagb-faq__wrap uagb-buttons-layout-wrap uagb-faq-equal-height     \" data-faqtoggle=\"true\" role=\"tablist\"><div class=\"wp-block-uagb-faq-child uagb-faq-child__outer-wrap uagb-faq-item uagb-block-ad2422a4 \" role=\"tab\" tabindex=\"0\"><div class=\"uagb-faq-questions-button uagb-faq-questions\">\t\t\t<span class=\"uagb-icon uagb-faq-icon-wrap\">\n\t\t\t\t\t\t\t\t<svg xmlns=\"https:\/\/www.w3.org\/2000\/svg\" viewBox= \"0 0 448 512\"><path d=\"M432 256c0 17.69-14.33 32.01-32 32.01H256v144c0 17.69-14.33 31.99-32 31.99s-32-14.3-32-31.99v-144H48c-17.67 0-32-14.32-32-32.01s14.33-31.99 32-31.99H192v-144c0-17.69 14.33-32.01 32-32.01s32 14.32 32 32.01v144h144C417.7 224 432 238.3 432 256z\"><\/path><\/svg>\n\t\t\t\t\t\t\t<\/span>\n\t\t\t\t\t\t<span class=\"uagb-icon-active uagb-faq-icon-wrap\">\n\t\t\t\t\t\t\t\t<svg xmlns=\"https:\/\/www.w3.org\/2000\/svg\" viewBox= \"0 0 448 512\"><path d=\"M400 288h-352c-17.69 0-32-14.32-32-32.01s14.31-31.99 32-31.99h352c17.69 0 32 14.3 32 31.99S417.7 288 400 288z\"><\/path><\/svg>\n\t\t\t\t\t\t\t<\/span>\n\t\t\t<span class=\"uagb-question\">Gibt es einen sicheren Parkplatz bei La Pavona f\u00fcr Tortuguero?<\/span><\/div><div class=\"uagb-faq-content\"><p>Ja. <strong>Pavona Parking<\/strong> bietet die sicherste Anlage am La Pavona Dock. Unser Parkplatz ist vollst\u00e4ndig umz\u00e4unt, rund um die Uhr mit Sicherheitspersonal besetzt und wird von Kameras \u00fcberwacht. Er ist die beste Wahl f\u00fcr Reisende, die ihr Fahrzeug f\u00fcr eine oder mehrere N\u00e4chte abstellen.  <\/p><\/div><\/div><div class=\"wp-block-uagb-faq-child uagb-faq-child__outer-wrap uagb-faq-item uagb-block-836f7fbc \" role=\"tab\" tabindex=\"0\"><div class=\"uagb-faq-questions-button uagb-faq-questions\">\t\t\t<span class=\"uagb-icon uagb-faq-icon-wrap\">\n\t\t\t\t\t\t\t\t<svg xmlns=\"https:\/\/www.w3.org\/2000\/svg\" viewBox= \"0 0 448 512\"><path d=\"M432 256c0 17.69-14.33 32.01-32 32.01H256v144c0 17.69-14.33 31.99-32 31.99s-32-14.3-32-31.99v-144H48c-17.67 0-32-14.32-32-32.01s14.33-31.99 32-31.99H192v-144c0-17.69 14.33-32.01 32-32.01s32 14.32 32 32.01v144h144C417.7 224 432 238.3 432 256z\"><\/path><\/svg>\n\t\t\t\t\t\t\t<\/span>\n\t\t\t\t\t\t<span class=\"uagb-icon-active uagb-faq-icon-wrap\">\n\t\t\t\t\t\t\t\t<svg xmlns=\"https:\/\/www.w3.org\/2000\/svg\" viewBox= \"0 0 448 512\"><path d=\"M400 288h-352c-17.69 0-32-14.32-32-32.01s14.31-31.99 32-31.99h352c17.69 0 32 14.3 32 31.99S417.7 288 400 288z\"><\/path><\/svg>\n\t\t\t\t\t\t\t<\/span>\n\t\t\t<span class=\"uagb-question\">Wie viel kostet das Parken an der Anlegestelle La Pavona?<\/span><\/div><div class=\"uagb-faq-content\"><p>Wir bieten wettbewerbsf\u00e4hige Tagespreise (USD $23.00 pro Nacht + Steuern). F\u00fcr das beste Preis-Leistungs-Verh\u00e4ltnis empfehlen wir Ihnen, unser <strong>Paket Boot + Parken<\/strong> zu buchen, das Ihren Platz garantiert und Ihre Ankunft am Dock vereinfacht. <\/p><\/div><\/div><div class=\"wp-block-uagb-faq-child uagb-faq-child__outer-wrap uagb-faq-item uagb-block-c6b8f6a9 \" role=\"tab\" tabindex=\"0\"><div class=\"uagb-faq-questions-button uagb-faq-questions\">\t\t\t<span class=\"uagb-icon uagb-faq-icon-wrap\">\n\t\t\t\t\t\t\t\t<svg xmlns=\"https:\/\/www.w3.org\/2000\/svg\" viewBox= \"0 0 448 512\"><path d=\"M432 256c0 17.69-14.33 32.01-32 32.01H256v144c0 17.69-14.33 31.99-32 31.99s-32-14.3-32-31.99v-144H48c-17.67 0-32-14.32-32-32.01s14.33-31.99 32-31.99H192v-144c0-17.69 14.33-32.01 32-32.01s32 14.32 32 32.01v144h144C417.7 224 432 238.3 432 256z\"><\/path><\/svg>\n\t\t\t\t\t\t\t<\/span>\n\t\t\t\t\t\t<span class=\"uagb-icon-active uagb-faq-icon-wrap\">\n\t\t\t\t\t\t\t\t<svg xmlns=\"https:\/\/www.w3.org\/2000\/svg\" viewBox= \"0 0 448 512\"><path d=\"M400 288h-352c-17.69 0-32-14.32-32-32.01s14.31-31.99 32-31.99h352c17.69 0 32 14.3 32 31.99S417.7 288 400 288z\"><\/path><\/svg>\n\t\t\t\t\t\t\t<\/span>\n\t\t\t<span class=\"uagb-question\">Muss ich einen Parkplatz im Voraus reservieren?<\/span><\/div><div class=\"uagb-faq-content\"><p>Wir akzeptieren zwar Laufkundschaft, aber eine Vorreservierung auf <strong>pavonaparking.com<\/strong> ist sehr empfehlenswert, besonders in der Hochsaison. Eine Reservierung sichert Ihnen einen garantierten Platz und einen schnelleren Check-in, damit Sie Ihre Bootsabfahrt nach Tortuguero nicht verpassen. <\/p><\/div><\/div><div class=\"wp-block-uagb-faq-child uagb-faq-child__outer-wrap uagb-faq-item uagb-block-522e22f4 \" role=\"tab\" tabindex=\"0\"><div class=\"uagb-faq-questions-button uagb-faq-questions\">\t\t\t<span class=\"uagb-icon uagb-faq-icon-wrap\">\n\t\t\t\t\t\t\t\t<svg xmlns=\"https:\/\/www.w3.org\/2000\/svg\" viewBox= \"0 0 448 512\"><path d=\"M432 256c0 17.69-14.33 32.01-32 32.01H256v144c0 17.69-14.33 31.99-32 31.99s-32-14.3-32-31.99v-144H48c-17.67 0-32-14.32-32-32.01s14.33-31.99 32-31.99H192v-144c0-17.69 14.33-32.01 32-32.01s32 14.32 32 32.01v144h144C417.7 224 432 238.3 432 256z\"><\/path><\/svg>\n\t\t\t\t\t\t\t<\/span>\n\t\t\t\t\t\t<span class=\"uagb-icon-active uagb-faq-icon-wrap\">\n\t\t\t\t\t\t\t\t<svg xmlns=\"https:\/\/www.w3.org\/2000\/svg\" viewBox= \"0 0 448 512\"><path d=\"M400 288h-352c-17.69 0-32-14.32-32-32.01s14.31-31.99 32-31.99h352c17.69 0 32 14.3 32 31.99S417.7 288 400 288z\"><\/path><\/svg>\n\t\t\t\t\t\t\t<\/span>\n\t\t\t<span class=\"uagb-question\">Wie fr\u00fch sollte ich vor meiner Bootsabfahrt ankommen?<\/span><\/div><div class=\"uagb-faq-content\"><p>Wir empfehlen Ihnen, <strong>30-45 Minuten vor der Abfahrt<\/strong> anzukommen, vor allem wenn Sie Gep\u00e4ck haben oder in der Hochsaison unterwegs sind.<\/p><\/div><\/div><div class=\"wp-block-uagb-faq-child uagb-faq-child__outer-wrap uagb-faq-item uagb-block-43dc7c18 \" role=\"tab\" tabindex=\"0\"><div class=\"uagb-faq-questions-button uagb-faq-questions\">\t\t\t<span class=\"uagb-icon uagb-faq-icon-wrap\">\n\t\t\t\t\t\t\t\t<svg xmlns=\"https:\/\/www.w3.org\/2000\/svg\" viewBox= \"0 0 448 512\"><path d=\"M432 256c0 17.69-14.33 32.01-32 32.01H256v144c0 17.69-14.33 31.99-32 31.99s-32-14.3-32-31.99v-144H48c-17.67 0-32-14.32-32-32.01s14.33-31.99 32-31.99H192v-144c0-17.69 14.33-32.01 32-32.01s32 14.32 32 32.01v144h144C417.7 224 432 238.3 432 256z\"><\/path><\/svg>\n\t\t\t\t\t\t\t<\/span>\n\t\t\t\t\t\t<span class=\"uagb-icon-active uagb-faq-icon-wrap\">\n\t\t\t\t\t\t\t\t<svg xmlns=\"https:\/\/www.w3.org\/2000\/svg\" viewBox= \"0 0 448 512\"><path d=\"M400 288h-352c-17.69 0-32-14.32-32-32.01s14.31-31.99 32-31.99h352c17.69 0 32 14.3 32 31.99S417.7 288 400 288z\"><\/path><\/svg>\n\t\t\t\t\t\t\t<\/span>\n\t\t\t<span class=\"uagb-question\">Wie nah ist der Parkplatz am Boot nach Tortuguero?<\/span><\/div><div class=\"uagb-faq-content\"><p>Unsere Anlage befindet sich <strong>direkt an der Anlegestelle von La Pavona<\/strong>. Sie brauchen keinen Shuttle. Sobald Sie in unserem sicheren Bereich parken, sind es nur ein paar Schritte bis zur Abfahrt des Bootes. <\/p><\/div><\/div><div class=\"wp-block-uagb-faq-child uagb-faq-child__outer-wrap uagb-faq-item uagb-block-19a01e68 \" role=\"tab\" tabindex=\"0\"><div class=\"uagb-faq-questions-button uagb-faq-questions\">\t\t\t<span class=\"uagb-icon uagb-faq-icon-wrap\">\n\t\t\t\t\t\t\t\t<svg xmlns=\"https:\/\/www.w3.org\/2000\/svg\" viewBox= \"0 0 448 512\"><path d=\"M432 256c0 17.69-14.33 32.01-32 32.01H256v144c0 17.69-14.33 31.99-32 31.99s-32-14.3-32-31.99v-144H48c-17.67 0-32-14.32-32-32.01s14.33-31.99 32-31.99H192v-144c0-17.69 14.33-32.01 32-32.01s32 14.32 32 32.01v144h144C417.7 224 432 238.3 432 256z\"><\/path><\/svg>\n\t\t\t\t\t\t\t<\/span>\n\t\t\t\t\t\t<span class=\"uagb-icon-active uagb-faq-icon-wrap\">\n\t\t\t\t\t\t\t\t<svg xmlns=\"https:\/\/www.w3.org\/2000\/svg\" viewBox= \"0 0 448 512\"><path d=\"M400 288h-352c-17.69 0-32-14.32-32-32.01s14.31-31.99 32-31.99h352c17.69 0 32 14.3 32 31.99S417.7 288 400 288z\"><\/path><\/svg>\n\t\t\t\t\t\t\t<\/span>\n\t\t\t<span class=\"uagb-question\">Kann ich auf dem Parkplatz Tickets f\u00fcr das Boot kaufen?<\/span><\/div><div class=\"uagb-faq-content\"><p>Ja, aber wir empfehlen Ihnen, unser <strong>Paket Boot + Parken<\/strong> online unter pavonaparking.com zu buchen. Dies garantiert Ihnen sowohl Ihren Parkplatz als auch Ihren Platz auf dem Boot und spart Ihnen Zeit und Stress bei der Ankunft. <\/p><\/div><\/div><\/div>\n<div class=\"wp-block-columns is-layout-flex wp-container-core-columns-is-layout-28f84493 wp-block-columns-is-layout-flex\">\n<div class=\"wp-block-column is-layout-flow wp-block-column-is-layout-flow\" style=\"flex-basis:100%\">\n<div class=\"wp-block-uagb-container uagb-block-0d6e6fa5 alignfull uagb-is-root-container\"><div class=\"uagb-container-inner-blocks-wrap\">\n<div class=\"wp-block-uagb-info-box uagb-block-a3aa2356 uagb-infobox__content-wrap  uagb-infobox-icon-above-title uagb-infobox-image-valign-top wp-block-uagb-info-box--has-margin\"><div class=\"uagb-infobox-margin-wrapper\"><div class=\"uagb-ifb-content\"><div class=\"uagb-ifb-title-wrap\"><span class=\"uagb-ifb-title-prefix\"><strong>Alles, was Sie f\u00fcr Ihre Reise nach Tortuguero brauchen &#8211; an einem Ort<\/strong><\/span><h2 class=\"uagb-ifb-title\"><strong>Parken, Bootstransfers und Touren &#8211; alles, was Sie f\u00fcr einen reibungslosen, stressfreien Besuch brauchen.<\/strong><\/h2><\/div><\/div><\/div><\/div>\n\n\n\n<p class=\"has-text-align-center has-luminous-vivid-amber-color has-text-color has-link-color has-medium-font-size wp-elements-305fe719a98722a1dadb786a24da74ab\">\u00a0<strong><a href=\"https:\/\/pavonaparking.com\/\" title=\"Parking\">Parking<\/a><\/strong>\u00a0| \u00a0<strong><a href=\"https:\/\/pavonaparking.com\/la-pavona-to-tortuguero-boat\" title=\"Boat Transfers\">Boat Transfers<\/a><\/strong>\u00a0| \u00a0<strong><a href=\"https:\/\/pavonaparking.com\/tours\/\" title=\"Tours\">Tours<\/a><\/strong><\/p>\n<\/div><\/div>\n<\/div>\n<\/div>\n","protected":false},"excerpt":{"rendered":"<p>Die sicherste Art zu parken und zu reisen. Buchen Sie Ihren sicheren Parkplatz und Ihre Bootstickets nach Tortuguero an einem [&hellip;]<\/p>\n","protected":false},"author":1,"featured_media":747,"parent":0,"menu_order":0,"comment_status":"closed","ping_status":"closed","template":"","meta":{"_uag_custom_page_level_css":"","site-sidebar-layout":"default","site-content-layout":"","ast-site-content-layout":"full-width-container","site-content-style":"default","site-sidebar-style":"default","ast-global-header-display":"","ast-banner-title-visibility":"","ast-main-header-display":"","ast-hfb-above-header-display":"","ast-hfb-below-header-display":"","ast-hfb-mobile-header-display":"","site-post-title":"disabled","ast-breadcrumbs-content":"","ast-featured-img":"disabled","footer-sml-layout":"","ast-disable-related-posts":"","theme-transparent-header-meta":"enabled","adv-header-id-meta":"","stick-header-meta":"","header-above-stick-meta":"","header-main-stick-meta":"","header-below-stick-meta":"","astra-migrate-meta-layouts":"default","ast-page-background-enabled":"default","ast-page-background-meta":{"desktop":{"background-color":"var(--ast-global-color-4)","background-image":"","background-repeat":"repeat","background-position":"center center","background-size":"auto","background-attachment":"scroll","background-type":"","background-media":"","overlay-type":"","overlay-color":"","overlay-opacity":"","overlay-gradient":""},"tablet":{"background-color":"","background-image":"","background-repeat":"repeat","background-position":"center center","background-size":"auto","background-attachment":"scroll","background-type":"","background-media":"","overlay-type":"","overlay-color":"","overlay-opacity":"","overlay-gradient":""},"mobile":{"background-color":"","background-image":"","background-repeat":"repeat","background-position":"center center","background-size":"auto","background-attachment":"scroll","background-type":"","background-media":"","overlay-type":"","overlay-color":"","overlay-opacity":"","overlay-gradient":""}},"ast-content-background-meta":{"desktop":{"background-color":"var(--ast-global-color-5)","background-image":"","background-repeat":"repeat","background-position":"center center","background-size":"auto","background-attachment":"scroll","background-type":"","background-media":"","overlay-type":"","overlay-color":"","overlay-opacity":"","overlay-gradient":""},"tablet":{"background-color":"var(--ast-global-color-5)","background-image":"","background-repeat":"repeat","background-position":"center center","background-size":"auto","background-attachment":"scroll","background-type":"","background-media":"","overlay-type":"","overlay-color":"","overlay-opacity":"","overlay-gradient":""},"mobile":{"background-color":"var(--ast-global-color-5)","background-image":"","background-repeat":"repeat","background-position":"center center","background-size":"auto","background-attachment":"scroll","background-type":"","background-media":"","overlay-type":"","overlay-color":"","overlay-opacity":"","overlay-gradient":""}},"footnotes":""},"class_list":["post-831","page","type-page","status-publish","has-post-thumbnail","hentry"],"aioseo_notices":[],"uagb_featured_image_src":{"full":["https:\/\/pavonaparking.com\/wp-content\/uploads\/2025\/06\/1748962912782-e1748974572681.jpg",706,800,false],"thumbnail":["https:\/\/pavonaparking.com\/wp-content\/uploads\/2025\/06\/1748962912782-e1748974572681-150x150.jpg",150,150,true],"medium":["https:\/\/pavonaparking.com\/wp-content\/uploads\/2025\/06\/1748962912782-e1748974572681-265x300.jpg",265,300,true],"medium_large":["https:\/\/pavonaparking.com\/wp-content\/uploads\/2025\/06\/1748962912782-768x512.jpg",768,512,true],"large":["https:\/\/pavonaparking.com\/wp-content\/uploads\/2025\/06\/1748962912782-1024x683.jpg",1024,683,true],"1536x1536":["https:\/\/pavonaparking.com\/wp-content\/uploads\/2025\/06\/1748962912782-e1748974572681.jpg",706,800,false],"2048x2048":["https:\/\/pavonaparking.com\/wp-content\/uploads\/2025\/06\/1748962912782-e1748974572681.jpg",706,800,false]},"uagb_author_info":{"display_name":"kayvalverde@gmail.com","author_link":"https:\/\/pavonaparking.com\/de\/author\/kayvalverdegmail-com\/"},"uagb_comment_info":0,"uagb_excerpt":"Die sicherste Art zu parken und zu reisen. Buchen Sie Ihren sicheren Parkplatz und Ihre Bootstickets nach Tortuguero an einem [&hellip;]","_links":{"self":[{"href":"https:\/\/pavonaparking.com\/de\/wp-json\/wp\/v2\/pages\/831","targetHints":{"allow":["GET"]}}],"collection":[{"href":"https:\/\/pavonaparking.com\/de\/wp-json\/wp\/v2\/pages"}],"about":[{"href":"https:\/\/pavonaparking.com\/de\/wp-json\/wp\/v2\/types\/page"}],"author":[{"embeddable":true,"href":"https:\/\/pavonaparking.com\/de\/wp-json\/wp\/v2\/users\/1"}],"replies":[{"embeddable":true,"href":"https:\/\/pavonaparking.com\/de\/wp-json\/wp\/v2\/comments?post=831"}],"version-history":[{"count":8,"href":"https:\/\/pavonaparking.com\/de\/wp-json\/wp\/v2\/pages\/831\/revisions"}],"predecessor-version":[{"id":1065,"href":"https:\/\/pavonaparking.com\/de\/wp-json\/wp\/v2\/pages\/831\/revisions\/1065"}],"wp:featuredmedia":[{"embeddable":true,"href":"https:\/\/pavonaparking.com\/de\/wp-json\/wp\/v2\/media\/747"}],"wp:attachment":[{"href":"https:\/\/pavonaparking.com\/de\/wp-json\/wp\/v2\/media?parent=831"}],"curies":[{"name":"wp","href":"https:\/\/api.w.org\/{rel}","templated":true}]}}