{"id":835,"date":"2025-06-03T12:27:20","date_gmt":"2025-06-03T12:27:20","guid":{"rendered":"https:\/\/pavonaparking.com\/touren\/"},"modified":"2025-07-06T17:36:14","modified_gmt":"2025-07-06T17:36:14","slug":"touren","status":"publish","type":"page","link":"https:\/\/pavonaparking.com\/de\/touren\/","title":{"rendered":"Touren"},"content":{"rendered":"\n<div class=\"wp-block-uagb-container uag-blocks-common-selector uagb-block-7024acc2 alignfull uagb-is-root-container\"><div class=\"uagb-container-inner-blocks-wrap\">\n<div class=\"wp-block-uagb-info-box uagb-block-45be0f1e uagb-infobox__content-wrap  uagb-infobox-icon-above-title uagb-infobox-image-valign-top wp-block-uagb-info-box--has-margin\"><div class=\"uagb-infobox-margin-wrapper\"><div class=\"uagb-ifb-content\"><div class=\"uagb-ifb-title-wrap\"><span class=\"uagb-ifb-title-prefix\">Touren &amp; Erlebnisse<\/span><h1 class=\"uagb-ifb-title\">Erkunden Sie Tortuguero mit den besten lokalen Touren<\/h1><\/div><\/div><\/div><\/div>\n<\/div><\/div>\n\n<div class=\"wp-block-uagb-container uagb-block-7449c9bf alignfull uagb-is-root-container\"><div class=\"uagb-container-inner-blocks-wrap\">\n<div class=\"wp-block-uagb-container uag-blocks-common-selector uagb-block-30b178af\">\n<div class=\"wp-block-uagb-container uagb-block-e08d2ba7\">\n<div class=\"wp-block-uagb-info-box uagb-block-cb1e2609 uagb-infobox__content-wrap  uagb-infobox-icon-above-title uagb-infobox-image-valign-top wp-block-uagb-info-box--has-margin\"><div class=\"uagb-infobox-margin-wrapper\"><div class=\"uagb-ifb-content\"><div class=\"uagb-ifb-title-wrap\"><span class=\"uagb-ifb-title-prefix\"><strong>LIEBLING DER REISENDEN<\/strong><\/span><h2 class=\"uagb-ifb-title\">Erkunden Sie die Kan\u00e4le von Tortuguero<\/h2><\/div><p class=\"uagb-ifb-desc\">Erleben Sie den Zauber des Nationalparks von Tortuguero bei einer gef\u00fchrten Tour durch die malerischen Kan\u00e4le &#8211; die beste M\u00f6glichkeit, Wildtiere in ihrem nat\u00fcrlichen Lebensraum zu beobachten. Diese Touren werden von zertifizierten einheimischen F\u00fchrern geleitet und finden fr\u00fch am Morgen statt, wenn der Regenwald mit V\u00f6geln, Affen, Faultieren und vielem mehr am lebendigsten ist.<br\/>W\u00e4hlen Sie zwischen Kanu, Kajak oder Motorboot, je nach Ihrem Stil und Komfort. Dies ist unser beliebtestes und empfohlenes Erlebnis &#8211; perfekt f\u00fcr Naturliebhaber, Fotografen und Erstbesucher.  <\/p><\/div><\/div><\/div>\n\n\n\n<div style=\"height:10px\" aria-hidden=\"true\" class=\"wp-block-spacer\"><\/div>\n\n\n\n<div class=\"wp-block-buttons is-layout-flex wp-block-buttons-is-layout-flex\">\n<div class=\"wp-block-button\"><a class=\"wp-block-button__link wp-element-button\">Tour jetzt buchen<\/a><\/div>\n<\/div>\n<\/div>\n\n\n\n<div class=\"wp-block-uagb-container uagb-block-fa9be21e\">\n<div class=\"wp-block-uagb-image alignleft uagb-block-624b89c7 wp-block-uagb-image--layout-default wp-block-uagb-image--effect-static wp-block-uagb-image--align-left\"><figure class=\"wp-block-uagb-image__figure\"><img decoding=\"async\" srcset=\"https:\/\/pavonaparking.com\/wp-content\/uploads\/2025\/06\/Canoa.jpg ,https:\/\/pavonaparking.com\/wp-content\/uploads\/2025\/06\/Canoa.jpg 780w, https:\/\/pavonaparking.com\/wp-content\/uploads\/2025\/06\/Canoa.jpg 360w\" sizes=\"auto, (max-width: 480px) 150px\" src=\"https:\/\/pavonaparking.com\/wp-content\/uploads\/2025\/06\/Canoa.jpg\" alt=\"\" class=\"uag-image-629\" width=\"600\" height=\"464\" title=\"Canoa\" loading=\"lazy\" role=\"img\"><\/figure><\/div>\n<\/div>\n<\/div>\n\n\n\n<div class=\"wp-block-uagb-container uagb-block-947592b1 alignfull uagb-is-root-container\"><div class=\"uagb-container-inner-blocks-wrap\">\n<div class=\"wp-block-uagb-container uagb-block-5e41bb9d\">\n<div class=\"wp-block-uagb-image alignleft uagb-block-6f3129d4 wp-block-uagb-image--layout-default wp-block-uagb-image--effect-static wp-block-uagb-image--align-left\"><figure class=\"wp-block-uagb-image__figure\"><img decoding=\"async\" srcset=\"https:\/\/pavonaparking.com\/wp-content\/uploads\/2025\/06\/Cerro76.jpg ,https:\/\/pavonaparking.com\/wp-content\/uploads\/2025\/06\/Cerro76.jpg 780w, https:\/\/pavonaparking.com\/wp-content\/uploads\/2025\/06\/Cerro76.jpg 360w\" sizes=\"auto, (max-width: 480px) 150px\" src=\"https:\/\/pavonaparking.com\/wp-content\/uploads\/2025\/06\/Cerro76.jpg\" alt=\"\" class=\"uag-image-657\" width=\"492\" height=\"464\" title=\"Cerro76\" loading=\"lazy\" role=\"img\"><\/figure><\/div>\n<\/div>\n\n\n\n<div class=\"wp-block-uagb-container uagb-block-9a73b9d6\">\n<div class=\"wp-block-uagb-info-box uagb-block-c2081357 uagb-infobox__content-wrap  uagb-infobox-icon-above-title uagb-infobox-image-valign-top wp-block-uagb-info-box--has-margin\"><div class=\"uagb-infobox-margin-wrapper\"><div class=\"uagb-ifb-content\"><div class=\"uagb-ifb-title-wrap\"><span class=\"uagb-ifb-title-prefix\">Erkunden Sie den Regenwald zu Fu\u00df<\/span><h2 class=\"uagb-ifb-title\">Gef\u00fchrte Naturwanderungen in Tortuguero<\/h2><\/div><p class=\"uagb-ifb-desc\">Erkunden Sie den Regenwald von Tortuguero zu Fu\u00df mit einem zertifizierten F\u00fchrer. Gehen Sie auf dem <strong>Jaguar Trail<\/strong> im Nationalpark oder wandern Sie auf den <strong>Cerro Tortuguero<\/strong>, um eine atemberaubende Aussicht zu genie\u00dfen.<br\/>Diese Touren bieten einen n\u00e4heren Blick auf die Pflanzen und Tiere der Region, perfekt f\u00fcr Naturliebhaber, die den Dschungel in einem langsameren Tempo erleben m\u00f6chten. <\/p><\/div><\/div><\/div>\n\n\n\n<div class=\"wp-block-buttons is-layout-flex wp-block-buttons-is-layout-flex\">\n<div class=\"wp-block-button\"><a class=\"wp-block-button__link wp-element-button\">gef\u00fchrte Wanderungen buchen<\/a><\/div>\n<\/div>\n<\/div>\n<\/div><\/div>\n\n\n\n<div class=\"wp-block-uagb-container uagb-block-706afc9c alignfull uagb-is-root-container\"><div class=\"uagb-container-inner-blocks-wrap\">\n<div class=\"wp-block-uagb-container uagb-block-f7b650f5\">\n<div class=\"wp-block-uagb-info-box uagb-block-4853bff0 uagb-infobox__content-wrap  uagb-infobox-icon-above-title uagb-infobox-image-valign-top wp-block-uagb-info-box--has-margin\"><div class=\"uagb-infobox-margin-wrapper\"><div class=\"uagb-ifb-content\"><div class=\"uagb-ifb-title-wrap\"><span class=\"uagb-ifb-title-prefix\">Erleben Sie, wie der Dschungel bei Nacht lebendig wird<\/span><h2 class=\"uagb-ifb-title\">Nachtwanderung im Regenwald<\/h2><\/div><p class=\"uagb-ifb-desc\">Wenn die Sonne untergeht, erwacht eine andere Seite von Tortuguero. Nehmen Sie an einer gef\u00fchrten Nachtwanderung teil, um Fr\u00f6sche, Insekten, Reptilien und andere nachtaktive Tiere zu entdecken, die tags\u00fcber nur selten zu sehen sind.<br\/>Gef\u00fchrt von einem erfahrenen Naturforscher, enth\u00fcllt diese Tour die Ger\u00e4usche und \u00dcberraschungen des Dschungels nach Einbruch der Dunkelheit &#8211; ein Muss f\u00fcr neugierige Reisende und Tierliebhaber. <\/p><\/div><\/div><\/div>\n\n\n\n<div class=\"wp-block-buttons is-layout-flex wp-block-buttons-is-layout-flex\">\n<div class=\"wp-block-button\"><a class=\"wp-block-button__link wp-element-button\">Nachtf\u00fchrung buchen<\/a><\/div>\n<\/div>\n<\/div>\n\n\n\n<div class=\"wp-block-uagb-container uagb-block-482c24a8\">\n<div class=\"wp-block-uagb-image alignleft uagb-block-63ffd992 wp-block-uagb-image--layout-default wp-block-uagb-image--effect-static wp-block-uagb-image--align-left\"><figure class=\"wp-block-uagb-image__figure\"><img decoding=\"async\" srcset=\"https:\/\/pavonaparking.com\/wp-content\/uploads\/2025\/06\/manuel-antonio-night-walk-1-1024x683.jpg.webp.webp ,https:\/\/pavonaparking.com\/wp-content\/uploads\/2025\/06\/manuel-antonio-night-walk-1-1024x683.jpg.webp.webp 780w, https:\/\/pavonaparking.com\/wp-content\/uploads\/2025\/06\/manuel-antonio-night-walk-1-1024x683.jpg.webp.webp 360w\" sizes=\"auto, (max-width: 480px) 150px\" src=\"https:\/\/pavonaparking.com\/wp-content\/uploads\/2025\/06\/manuel-antonio-night-walk-1-1024x683.jpg.webp.webp\" alt=\"\" class=\"uag-image-663\" width=\"600\" height=\"464\" title=\"manuel-antonio-night-walk-1-1024x683.jpg.webp\" loading=\"lazy\" role=\"img\"><\/figure><\/div>\n<\/div>\n<\/div><\/div>\n\n\n\n<div class=\"wp-block-uagb-container uagb-block-9d773bef alignfull uagb-is-root-container\"><div class=\"uagb-container-inner-blocks-wrap\">\n<div class=\"wp-block-uagb-container uagb-block-3d125eab\">\n<div class=\"wp-block-uagb-image alignleft uagb-block-5ac41074 wp-block-uagb-image--layout-default wp-block-uagb-image--effect-static wp-block-uagb-image--align-left\"><figure class=\"wp-block-uagb-image__figure\"><img decoding=\"async\" srcset=\"https:\/\/pavonaparking.com\/wp-content\/uploads\/2025\/06\/Flora-Fauna170.jpg ,https:\/\/pavonaparking.com\/wp-content\/uploads\/2025\/06\/Flora-Fauna170.jpg 780w, https:\/\/pavonaparking.com\/wp-content\/uploads\/2025\/06\/Flora-Fauna170.jpg 360w\" sizes=\"auto, (max-width: 480px) 150px\" src=\"https:\/\/pavonaparking.com\/wp-content\/uploads\/2025\/06\/Flora-Fauna170.jpg\" alt=\"\" class=\"uag-image-656\" width=\"600\" height=\"464\" title=\"Flora &amp; Fauna170\" loading=\"lazy\" role=\"img\"><\/figure><\/div>\n<\/div>\n\n\n\n<div class=\"wp-block-uagb-container uagb-block-c6b25562\">\n<div class=\"wp-block-uagb-info-box uagb-block-f6672f87 uagb-infobox__content-wrap  uagb-infobox-icon-above-title uagb-infobox-image-valign-top wp-block-uagb-info-box--has-margin\"><div class=\"uagb-infobox-margin-wrapper\"><div class=\"uagb-ifb-content\"><div class=\"uagb-ifb-title-wrap\"><span class=\"uagb-ifb-title-prefix\">Saisonal verf\u00fcgbar (Juli bis Oktober)<\/span><h2 class=\"uagb-ifb-title\">Tour zum Nisten der Meeresschildkr\u00f6ten<\/h2><\/div><p class=\"uagb-ifb-desc\">Werden Sie Zeuge eines der unglaublichsten Ereignisse der Natur: das Nisten der Meeresschildkr\u00f6ten an den Str\u00e4nden von Tortuguero. In Begleitung von zertifizierten F\u00fchrern werden Sie diesen zerbrechlichen und unvergesslichen Moment mit Respekt und Sorgfalt beobachten.<br\/>Diese Nachttour wird unter strengen Naturschutzbestimmungen durchgef\u00fchrt, um die Schildkr\u00f6ten so wenig wie m\u00f6glich zu st\u00f6ren &#8211; ein wahrhaft bewegendes und lehrreiches Erlebnis. <\/p><\/div><\/div><\/div>\n\n\n\n<div class=\"wp-block-buttons is-layout-flex wp-block-buttons-is-layout-flex\">\n<div class=\"wp-block-button\"><a class=\"wp-block-button__link wp-element-button\">Schildkr\u00f6ten-Nesttour buchen<\/a><\/div>\n<\/div>\n<\/div>\n<\/div><\/div>\n\n\n\n<div class=\"wp-block-uagb-container uagb-block-f9c98f8b alignfull uagb-is-root-container\"><div class=\"uagb-container-inner-blocks-wrap\">\n<div class=\"wp-block-uagb-container uagb-block-79239d01\">\n<div class=\"wp-block-uagb-info-box uagb-block-7e3c4900 uagb-infobox__content-wrap  uagb-infobox-icon-above-title uagb-infobox-image-valign-top wp-block-uagb-info-box--has-margin\"><div class=\"uagb-infobox-margin-wrapper\"><div class=\"uagb-ifb-content\"><div class=\"uagb-ifb-title-wrap\"><span class=\"uagb-ifb-title-prefix\">Eine einzigartige Art, das Wasser zu erleben<\/span><h2 class=\"uagb-ifb-title\">Sportliche und traditionelle Angeltouren<\/h2><\/div><p class=\"uagb-ifb-desc\">Erkunden Sie Tortugueros reiche Gew\u00e4sser mit einem einheimischen F\u00fchrer &#8211; egal, ob Sie den Nervenkitzel des <strong>Sportfischens mit Fangen und Freilassen suchen oder<\/strong>eine <strong>authentischere, handwerkliche Fischerfahrung<\/strong> mit traditionellen Techniken machen m\u00f6chten.<br\/>Diese Touren bieten eine einzigartige Perspektive auf die Kultur und die Artenvielfalt der Region und sind perfekt f\u00fcr Fischereifans und neugierige Reisende gleicherma\u00dfen.<\/p><\/div><\/div><\/div>\n\n\n\n<div class=\"wp-block-buttons is-layout-flex wp-block-buttons-is-layout-flex\">\n<div class=\"wp-block-button\"><a class=\"wp-block-button__link wp-element-button\">Angeltour buchen<\/a><\/div>\n<\/div>\n<\/div>\n\n\n\n<div class=\"wp-block-uagb-container uagb-block-b731fed2\">\n<div class=\"wp-block-uagb-image alignleft uagb-block-b5743d0c wp-block-uagb-image--layout-default wp-block-uagb-image--effect-static wp-block-uagb-image--align-left\"><figure class=\"wp-block-uagb-image__figure\"><img decoding=\"async\" srcset=\"https:\/\/pavonaparking.com\/wp-content\/uploads\/2025\/06\/captain-eddie-brown.jpg ,https:\/\/pavonaparking.com\/wp-content\/uploads\/2025\/06\/captain-eddie-brown.jpg 780w, https:\/\/pavonaparking.com\/wp-content\/uploads\/2025\/06\/captain-eddie-brown.jpg 360w\" sizes=\"auto, (max-width: 480px) 150px\" src=\"https:\/\/pavonaparking.com\/wp-content\/uploads\/2025\/06\/captain-eddie-brown.jpg\" alt=\"\" class=\"uag-image-661\" width=\"600\" height=\"464\" title=\"captain-eddie-brown\" loading=\"lazy\" role=\"img\"><\/figure><\/div>\n<\/div>\n<\/div><\/div>\n<\/div><\/div>\n\n<div class=\"wp-block-uagb-container uagb-block-94e5ad93 alignfull uagb-is-root-container\"><div class=\"uagb-container-inner-blocks-wrap\">\n<div class=\"wp-block-uagb-info-box uagb-block-01720b37 uagb-infobox__content-wrap  uagb-infobox-icon-above-title uagb-infobox-image-valign-top\"><div class=\"uagb-ifb-content\"><div class=\"uagb-ifb-icon-wrap\"><svg xmlns=\"https:\/\/www.w3.org\/2000\/svg\" viewbox=\"0 0 448 512\"><path d=\"M96 96C42.98 96 0 138.1 0 192s42.98 96 96 96c11.28 0 21.95-2.305 32-5.879V288c0 35.3-28.7 64-64 64c-17.67 0-32 14.33-32 32s14.33 32 32 32c70.58 0 128-57.42 128-128V192C192 138.1 149 96 96 96zM448 192c0-53.02-42.98-96-96-96s-96 42.98-96 96s42.98 96 96 96c11.28 0 21.95-2.305 32-5.879V288c0 35.3-28.7 64-64 64c-17.67 0-32 14.33-32 32s14.33 32 32 32c70.58 0 128-57.42 128-128V192z\"><\/path><\/svg><\/div><div class=\"uagb-ifb-title-wrap\"><h2 class=\"uagb-ifb-title\">&#8222;Die Tour, die wir \u00fcber Pavona Parking gebucht haben, war der H\u00f6hepunkt unserer Reise! Der Reiseleiter war sachkundig, freundlich und hat uns geholfen, erstaunliche Wildtiere zu entdecken. Alles war perfekt organisiert &#8211; wir f\u00fchlten uns die ganze Zeit sicher und umsorgt.&#8220;<\/h2><\/div><\/div><\/div>\n\n\n\n<div class=\"wp-block-uagb-advanced-heading uagb-block-e689f21b\"><div class=\"uagb-heading-text\">&#8211; <em>Emma L., Kanada<\/em><\/div><\/div>\n<\/div><\/div>\n\n<div class=\"wp-block-uagb-container uagb-block-0d6e6fa5 alignfull uagb-is-root-container\"><div class=\"uagb-container-inner-blocks-wrap\">\n<div class=\"wp-block-uagb-info-box uagb-block-a3aa2356 uagb-infobox__content-wrap  uagb-infobox-icon-above-title uagb-infobox-image-valign-top wp-block-uagb-info-box--has-margin\"><div class=\"uagb-infobox-margin-wrapper\"><div class=\"uagb-ifb-content\"><div class=\"uagb-ifb-title-wrap\"><span class=\"uagb-ifb-title-prefix\"><strong>Alles, was Sie f\u00fcr Ihre Reise nach Tortuguero brauchen &#8211; an einem Ort<\/strong><\/span><h2 class=\"uagb-ifb-title\"><strong>Parken, Bootstransfers und Touren &#8211; alles, was Sie f\u00fcr einen reibungslosen, stressfreien Besuch brauchen.<\/strong><\/h2><\/div><\/div><\/div><\/div>\n\n\n\n<p class=\"has-text-align-center has-luminous-vivid-amber-color has-text-color has-link-color has-medium-font-size wp-elements-305fe719a98722a1dadb786a24da74ab\">\u00a0<strong><a href=\"https:\/\/pavonaparking.com\/\" title=\"Parking\">Parking<\/a><\/strong>\u00a0| \u00a0<strong><a href=\"https:\/\/pavonaparking.com\/la-pavona-to-tortuguero-boat\" title=\"Boat Transfers\">Boat Transfers<\/a><\/strong>\u00a0| \u00a0<strong><a href=\"https:\/\/pavonaparking.com\/tours\/\" title=\"Tours\">Tours<\/a><\/strong><\/p>\n<\/div><\/div>\n","protected":false},"excerpt":{"rendered":"<p>&#8211; Emma L., Kanada<\/p>\n","protected":false},"author":1,"featured_media":0,"parent":0,"menu_order":0,"comment_status":"closed","ping_status":"closed","template":"","meta":{"_uag_custom_page_level_css":"","site-sidebar-layout":"no-sidebar","site-content-layout":"","ast-site-content-layout":"full-width-container","site-content-style":"default","site-sidebar-style":"default","ast-global-header-display":"","ast-banner-title-visibility":"","ast-main-header-display":"","ast-hfb-above-header-display":"","ast-hfb-below-header-display":"","ast-hfb-mobile-header-display":"","site-post-title":"disabled","ast-breadcrumbs-content":"","ast-featured-img":"","footer-sml-layout":"","ast-disable-related-posts":"","theme-transparent-header-meta":"enabled","adv-header-id-meta":"","stick-header-meta":"","header-above-stick-meta":"","header-main-stick-meta":"","header-below-stick-meta":"","astra-migrate-meta-layouts":"default","ast-page-background-enabled":"default","ast-page-background-meta":{"desktop":{"background-color":"var(--ast-global-color-4)","background-image":"","background-repeat":"repeat","background-position":"center center","background-size":"auto","background-attachment":"scroll","background-type":"","background-media":"","overlay-type":"","overlay-color":"","overlay-opacity":"","overlay-gradient":""},"tablet":{"background-color":"","background-image":"","background-repeat":"repeat","background-position":"center center","background-size":"auto","background-attachment":"scroll","background-type":"","background-media":"","overlay-type":"","overlay-color":"","overlay-opacity":"","overlay-gradient":""},"mobile":{"background-color":"","background-image":"","background-repeat":"repeat","background-position":"center center","background-size":"auto","background-attachment":"scroll","background-type":"","background-media":"","overlay-type":"","overlay-color":"","overlay-opacity":"","overlay-gradient":""}},"ast-content-background-meta":{"desktop":{"background-color":"var(--ast-global-color-5)","background-image":"","background-repeat":"repeat","background-position":"center center","background-size":"auto","background-attachment":"scroll","background-type":"","background-media":"","overlay-type":"","overlay-color":"","overlay-opacity":"","overlay-gradient":""},"tablet":{"background-color":"var(--ast-global-color-5)","background-image":"","background-repeat":"repeat","background-position":"center center","background-size":"auto","background-attachment":"scroll","background-type":"","background-media":"","overlay-type":"","overlay-color":"","overlay-opacity":"","overlay-gradient":""},"mobile":{"background-color":"var(--ast-global-color-5)","background-image":"","background-repeat":"repeat","background-position":"center center","background-size":"auto","background-attachment":"scroll","background-type":"","background-media":"","overlay-type":"","overlay-color":"","overlay-opacity":"","overlay-gradient":""}},"footnotes":""},"class_list":["post-835","page","type-page","status-publish","hentry"],"aioseo_notices":[],"uagb_featured_image_src":{"full":false,"thumbnail":false,"medium":false,"medium_large":false,"large":false,"1536x1536":false,"2048x2048":false},"uagb_author_info":{"display_name":"kayvalverde@gmail.com","author_link":"https:\/\/pavonaparking.com\/de\/author\/kayvalverdegmail-com\/"},"uagb_comment_info":0,"uagb_excerpt":"&#8211; Emma L., Kanada","_links":{"self":[{"href":"https:\/\/pavonaparking.com\/de\/wp-json\/wp\/v2\/pages\/835","targetHints":{"allow":["GET"]}}],"collection":[{"href":"https:\/\/pavonaparking.com\/de\/wp-json\/wp\/v2\/pages"}],"about":[{"href":"https:\/\/pavonaparking.com\/de\/wp-json\/wp\/v2\/types\/page"}],"author":[{"embeddable":true,"href":"https:\/\/pavonaparking.com\/de\/wp-json\/wp\/v2\/users\/1"}],"replies":[{"embeddable":true,"href":"https:\/\/pavonaparking.com\/de\/wp-json\/wp\/v2\/comments?post=835"}],"version-history":[{"count":1,"href":"https:\/\/pavonaparking.com\/de\/wp-json\/wp\/v2\/pages\/835\/revisions"}],"predecessor-version":[{"id":836,"href":"https:\/\/pavonaparking.com\/de\/wp-json\/wp\/v2\/pages\/835\/revisions\/836"}],"wp:attachment":[{"href":"https:\/\/pavonaparking.com\/de\/wp-json\/wp\/v2\/media?parent=835"}],"curies":[{"name":"wp","href":"https:\/\/api.w.org\/{rel}","templated":true}]}}