{"id":837,"date":"2025-06-03T12:27:20","date_gmt":"2025-06-03T12:27:20","guid":{"rendered":"https:\/\/pavonaparking.com\/wie-man-nach-la-pavona-kommt\/"},"modified":"2026-03-05T03:41:58","modified_gmt":"2026-03-05T03:41:58","slug":"location","status":"publish","type":"page","link":"https:\/\/pavonaparking.com\/de\/location\/","title":{"rendered":"Wie man nach La Pavona kommt"},"content":{"rendered":"\n<div class=\"wp-block-uagb-container uagb-block-83619173 alignfull uagb-is-root-container\"><div class=\"uagb-container-inner-blocks-wrap\">\n<div class=\"wp-block-uagb-info-box uagb-block-62021f15 uagb-infobox__content-wrap  uagb-infobox-icon-above-title uagb-infobox-image-valign-top\"><div class=\"uagb-ifb-content\"><div class=\"uagb-ifb-title-wrap\"><h1 class=\"uagb-ifb-title-prefix\">STANDORT<\/h1><h1 class=\"uagb-ifb-title\">So erreichen Sie den Pavona Parkplatz<\/h1><\/div><\/div><\/div>\n<\/div><\/div>\n\n<div class=\"wp-block-uagb-container uagb-block-c97fe07f alignfull uagb-is-root-container\"><div class=\"uagb-container-inner-blocks-wrap\">\n<div class=\"wp-block-uagb-container uagb-block-7c2a0f73\">\n<p>Pavona Parking befindet sich direkt am <strong>Anleger La Pavona<\/strong>, dem Hauptabfahrtspunkt f\u00fcr Reisende, die mit dem Boot nach Tortuguero fahren. Wenn Sie von San Jos\u00e9, La Fortuna oder Gu\u00e1piles anreisen, ist unser Standort mit <strong>Waze oder Google Maps<\/strong> leicht zu finden \u2013 suchen Sie einfach nach <strong>\u201ePavona Parking\u201c<\/strong> oder geben Sie die folgende Adresse ein: <\/p>\n\n\n\n<blockquote class=\"wp-block-quote is-layout-flow wp-block-quote-is-layout-flow\">\n<p>\ud83d\udccd <em>Pavona<\/em> Parking &amp; Boat Tickets<\/p>\n<\/blockquote>\n\n\n\n<p>Nach Ihrer Ankunft sehen Sie eine klare Beschilderung und unsere Mitarbeiter, die Sie gerne empfangen. Wir sind nur einen kurzen Fu\u00dfweg (weniger als eine Minute) vom Bootsanleger entfernt, sodass Sie Ihr Gep\u00e4ck nicht weit tragen m\u00fcssen. <\/p>\n\n\n\n<p>Wir empfehlen, mindestens <strong>30 Minuten vor der Abfahrtszeit Ihres Bootes<\/strong> einzutreffen, besonders wenn Sie in der Hochsaison reisen. Unser sicherer Parkplatz ist 24\/7 ge\u00f6ffnet, und Sie k\u00f6nnen Ihren Platz online reservieren, um ihn zu garantieren. <\/p>\n\n\n\n<p>Ben\u00f6tigen Sie Hilfe bei der Wegbeschreibung? Nutzen Sie unsere interaktive Karte unten oder kontaktieren Sie uns \u00fcber WhatsApp. Wir helfen Ihnen gerne weiter.  <\/p>\n<\/div>\n<\/div><\/div>\n\n<div class=\"wp-block-uagb-container uagb-block-44ac5083 alignfull uagb-is-root-container\"><div class=\"uagb-container-inner-blocks-wrap\">\n<div class=\"wp-block-gmap-gmap-block gmap-block-ri37lqcu\"><iframe src=\"https:\/\/maps.google.com\/maps?q=Pavona+Parking&amp;z=10&amp;t=roadmap&amp;output=embed\" class=\"embd-map\" title=\"Pavona Parking\"><\/iframe><\/div>\n<\/div><\/div>\n\n<div class=\"wp-block-uagb-container uagb-block-0d6e6fa5 alignfull uagb-is-root-container\"><div class=\"uagb-container-inner-blocks-wrap\">\n<div class=\"wp-block-uagb-info-box uagb-block-a3aa2356 uagb-infobox__content-wrap  uagb-infobox-icon-above-title uagb-infobox-image-valign-top wp-block-uagb-info-box--has-margin\"><div class=\"uagb-infobox-margin-wrapper\"><div class=\"uagb-ifb-content\"><div class=\"uagb-ifb-title-wrap\"><span class=\"uagb-ifb-title-prefix\"><strong>Alles, was Sie f\u00fcr Ihre Reise nach Tortuguero brauchen &#8211; an einem Ort<\/strong><\/span><h2 class=\"uagb-ifb-title\"><strong>Parken, Bootstransfers und Touren &#8211; alles, was Sie f\u00fcr einen reibungslosen, stressfreien Besuch brauchen.<\/strong><\/h2><\/div><\/div><\/div><\/div>\n\n\n\n<p class=\"has-text-align-center has-luminous-vivid-amber-color has-text-color has-link-color has-medium-font-size wp-elements-305fe719a98722a1dadb786a24da74ab\">\u00a0<strong><a href=\"https:\/\/pavonaparking.com\/\" title=\"Parking\">Parking<\/a><\/strong>\u00a0| \u00a0<strong><a href=\"https:\/\/pavonaparking.com\/la-pavona-to-tortuguero-boat\" title=\"Boat Transfers\">Boat Transfers<\/a><\/strong>\u00a0| \u00a0<strong><a href=\"https:\/\/pavonaparking.com\/tours\/\" title=\"Tours\">Tours<\/a><\/strong><\/p>\n<\/div><\/div>\n","protected":false},"excerpt":{"rendered":"<p>Pavona Parking befindet sich direkt am Anleger La Pavona, dem Hauptabfahrtspunkt f\u00fcr Reisende, die mit dem Boot nach Tortuguero fahren. [&hellip;]<\/p>\n","protected":false},"author":1,"featured_media":786,"parent":0,"menu_order":0,"comment_status":"closed","ping_status":"closed","template":"","meta":{"_uag_custom_page_level_css":"","site-sidebar-layout":"default","site-content-layout":"","ast-site-content-layout":"full-width-container","site-content-style":"default","site-sidebar-style":"default","ast-global-header-display":"","ast-banner-title-visibility":"","ast-main-header-display":"","ast-hfb-above-header-display":"","ast-hfb-below-header-display":"","ast-hfb-mobile-header-display":"","site-post-title":"disabled","ast-breadcrumbs-content":"","ast-featured-img":"disabled","footer-sml-layout":"","ast-disable-related-posts":"","theme-transparent-header-meta":"enabled","adv-header-id-meta":"","stick-header-meta":"","header-above-stick-meta":"","header-main-stick-meta":"","header-below-stick-meta":"","astra-migrate-meta-layouts":"default","ast-page-background-enabled":"default","ast-page-background-meta":{"desktop":{"background-color":"var(--ast-global-color-4)","background-image":"","background-repeat":"repeat","background-position":"center center","background-size":"auto","background-attachment":"scroll","background-type":"","background-media":"","overlay-type":"","overlay-color":"","overlay-opacity":"","overlay-gradient":""},"tablet":{"background-color":"","background-image":"","background-repeat":"repeat","background-position":"center center","background-size":"auto","background-attachment":"scroll","background-type":"","background-media":"","overlay-type":"","overlay-color":"","overlay-opacity":"","overlay-gradient":""},"mobile":{"background-color":"","background-image":"","background-repeat":"repeat","background-position":"center center","background-size":"auto","background-attachment":"scroll","background-type":"","background-media":"","overlay-type":"","overlay-color":"","overlay-opacity":"","overlay-gradient":""}},"ast-content-background-meta":{"desktop":{"background-color":"var(--ast-global-color-5)","background-image":"","background-repeat":"repeat","background-position":"center center","background-size":"auto","background-attachment":"scroll","background-type":"","background-media":"","overlay-type":"","overlay-color":"","overlay-opacity":"","overlay-gradient":""},"tablet":{"background-color":"var(--ast-global-color-5)","background-image":"","background-repeat":"repeat","background-position":"center center","background-size":"auto","background-attachment":"scroll","background-type":"","background-media":"","overlay-type":"","overlay-color":"","overlay-opacity":"","overlay-gradient":""},"mobile":{"background-color":"var(--ast-global-color-5)","background-image":"","background-repeat":"repeat","background-position":"center center","background-size":"auto","background-attachment":"scroll","background-type":"","background-media":"","overlay-type":"","overlay-color":"","overlay-opacity":"","overlay-gradient":""}},"footnotes":""},"class_list":["post-837","page","type-page","status-publish","has-post-thumbnail","hentry"],"aioseo_notices":[],"uagb_featured_image_src":{"full":["https:\/\/pavonaparking.com\/wp-content\/uploads\/2025\/06\/1748962912886-1-scaled.jpg",2560,1707,false],"thumbnail":["https:\/\/pavonaparking.com\/wp-content\/uploads\/2025\/06\/1748962912886-1-150x150.jpg",150,150,true],"medium":["https:\/\/pavonaparking.com\/wp-content\/uploads\/2025\/06\/1748962912886-1-300x200.jpg",300,200,true],"medium_large":["https:\/\/pavonaparking.com\/wp-content\/uploads\/2025\/06\/1748962912886-1-768x512.jpg",768,512,true],"large":["https:\/\/pavonaparking.com\/wp-content\/uploads\/2025\/06\/1748962912886-1-1024x683.jpg",1024,683,true],"1536x1536":["https:\/\/pavonaparking.com\/wp-content\/uploads\/2025\/06\/1748962912886-1-1536x1024.jpg",1536,1024,true],"2048x2048":["https:\/\/pavonaparking.com\/wp-content\/uploads\/2025\/06\/1748962912886-1-2048x1365.jpg",2048,1365,true]},"uagb_author_info":{"display_name":"kayvalverde@gmail.com","author_link":"https:\/\/pavonaparking.com\/de\/author\/kayvalverdegmail-com\/"},"uagb_comment_info":0,"uagb_excerpt":"Pavona Parking befindet sich direkt am Anleger La Pavona, dem Hauptabfahrtspunkt f\u00fcr Reisende, die mit dem Boot nach Tortuguero fahren. [&hellip;]","_links":{"self":[{"href":"https:\/\/pavonaparking.com\/de\/wp-json\/wp\/v2\/pages\/837","targetHints":{"allow":["GET"]}}],"collection":[{"href":"https:\/\/pavonaparking.com\/de\/wp-json\/wp\/v2\/pages"}],"about":[{"href":"https:\/\/pavonaparking.com\/de\/wp-json\/wp\/v2\/types\/page"}],"author":[{"embeddable":true,"href":"https:\/\/pavonaparking.com\/de\/wp-json\/wp\/v2\/users\/1"}],"replies":[{"embeddable":true,"href":"https:\/\/pavonaparking.com\/de\/wp-json\/wp\/v2\/comments?post=837"}],"version-history":[{"count":2,"href":"https:\/\/pavonaparking.com\/de\/wp-json\/wp\/v2\/pages\/837\/revisions"}],"predecessor-version":[{"id":1076,"href":"https:\/\/pavonaparking.com\/de\/wp-json\/wp\/v2\/pages\/837\/revisions\/1076"}],"wp:featuredmedia":[{"embeddable":true,"href":"https:\/\/pavonaparking.com\/de\/wp-json\/wp\/v2\/media\/786"}],"wp:attachment":[{"href":"https:\/\/pavonaparking.com\/de\/wp-json\/wp\/v2\/media?parent=837"}],"curies":[{"name":"wp","href":"https:\/\/api.w.org\/{rel}","templated":true}]}}