{"id":788,"date":"2025-06-03T12:27:20","date_gmt":"2025-06-03T12:27:20","guid":{"rendered":"https:\/\/pavonaparking.com\/aparcamiento\/"},"modified":"2026-02-13T03:29:59","modified_gmt":"2026-02-13T03:29:59","slug":"aparcamiento","status":"publish","type":"page","link":"https:\/\/pavonaparking.com\/es\/","title":{"rendered":"Parqueo"},"content":{"rendered":"\n<div class=\"wp-block-uagb-container uagb-block-cd08ac4c alignfull uagb-is-root-container\"><div class=\"uagb-container-inner-blocks-wrap\">\n<div class=\"wp-block-uagb-info-box uagb-block-1cbb6637 uagb-infobox__content-wrap  uagb-infobox-icon-above-title uagb-infobox-image-valign-top wp-block-uagb-info-box--has-margin\"><div class=\"uagb-infobox-margin-wrapper\"><div class=\"uagb-ifb-content\"><div class=\"uagb-ifb-title-wrap\"><p class=\"uagb-ifb-title-prefix\">Parqueo seguro en el Muelle de La Pavona<\/p><h1 class=\"uagb-ifb-title\">Parqueo vigilado en La Pavona para visitantes de Tortuguero <\/h1><\/div><div class=\"uagb-ifb-button-wrapper wp-block-button\"><a href=\"https:\/\/book.peek.com\/s\/0de9be3e-e573-4559-8890-756e5fa8648a\/XRE6X\" class=\"uagb-infobox-cta-link wp-block-button__link\" target=\"_blank\" rel=\"noopener noreferrer\" onclick=\"return true;\"><span class=\"uagb-inline-editing\">asegura tu espacio aqu\u00ed<\/span><\/a><\/div><\/div><\/div><\/div>\n\n\n\n<h2 class=\"wp-block-heading has-text-align-center has-white-color has-text-color has-link-color has-medium-font-size wp-elements-c68e923f721721435c7dde35b141d3b8\" style=\"margin-top:10px\">La forma m\u00e1s segura de parquear y viajar. <br\/>Reserva tu espacio de parqueo seguro y tus tiquetes para el bote a Tortuguero en un solo lugar<\/h2>\n<\/div><\/div>\n\n<hr class=\"wp-block-separator has-alpha-channel-opacity is-style-default\" style=\"margin-top:10px\"\/>\n\n<div class=\"wp-block-uagb-container uagb-block-483a92cd alignfull uagb-is-root-container\"><div class=\"uagb-container-inner-blocks-wrap\">\n<div class=\"wp-block-uagb-container uagb-block-4b1402aa\">\n<h2 class=\"wp-block-heading\">Parqueo vigilado en <br\/>Muelle La Pavona<\/h2>\n\n\n\n<p>La forma m\u00e1s c\u00f3moda de guardar tu veh\u00edculo mientras exploras Tortuguero.<br\/><br\/>\ud83d\udee1\ufe0f <strong>Seguridad total:<\/strong> Personal in situ 24 horas al d\u00eda, 7 d\u00edas a la semana, vallado perimetral y c\u00e1maras vigiladas.<br\/>\ud83d\udccd <strong>Ubicaci\u00f3n privilegiada:<\/strong> Situado exactamente en el muelle de La Pavona para un acceso inmediato en barco.<br\/>\ud83d\ude97 <strong>Opciones de parqueo:<\/strong> Disponemos de plazas cubiertas y descubiertas.<br\/>\ud83c\udf92 <strong>Asistencia completa:<\/strong> Te ayudamos con el equipaje y te guiamos hasta la embarcaci\u00f3n correcta.<br\/>\ud83d\udebb <strong>Servicios in situ:<\/strong> Disponemos de ba\u00f1os limpios y restaurante mientras esperas.<br\/><br\/><strong>Tarifas diarias sencillas y reserva instant\u00e1nea<\/strong> Tanto si vienes de visita para una excursi\u00f3n de un d\u00eda como para pasar la noche, tu veh\u00edculo estar\u00e1 en manos de profesionales. No te arriesgues con parqueos no oficiales en la calle; elige las instalaciones de confianza de La Pavona. <\/p>\n<\/div>\n\n\n\n<div class=\"wp-block-uagb-container uagb-block-1e7d4779\">\n<div class=\"wp-block-uagb-image alignleft uagb-block-b14d98aa wp-block-uagb-image--layout-default wp-block-uagb-image--effect-static wp-block-uagb-image--align-left aligncenter\"><figure class=\"wp-block-uagb-image__figure\"><img decoding=\"async\" srcset=\"https:\/\/pavonaparking.com\/wp-content\/uploads\/2025\/06\/1748962912782-1024x683.jpg ,https:\/\/pavonaparking.com\/wp-content\/uploads\/2025\/06\/1748962912782-e1748974572681.jpg 780w, https:\/\/pavonaparking.com\/wp-content\/uploads\/2025\/06\/1748962912782-e1748974572681.jpg 360w\" sizes=\"auto, (max-width: 480px) 150px\" src=\"https:\/\/pavonaparking.com\/wp-content\/uploads\/2025\/06\/1748962912782-1024x683.jpg\" alt=\"\" class=\"uag-image-563\" width=\"1024\" height=\"683\" title=\"1748962912782\" loading=\"lazy\" role=\"img\"><\/figure><\/div>\n<\/div>\n<\/div><\/div>\n\n<div class=\"wp-block-uagb-container uagb-block-4cd6ad04 alignfull uagb-is-root-container\"><div class=\"uagb-container-inner-blocks-wrap\">\n<div class=\"wp-block-uagb-advanced-heading uagb-block-f9651312\"><h2 class=\"uagb-heading-text\">\u00bfEst\u00e1s planeando tu viaje?<\/h2><\/div>\n\n\n\n<p class=\"has-text-align-center has-medium-font-size\" style=\"margin-top:0;margin-bottom:0\">Consulta los horarios de los botes p\u00fablicos a Tortuguero para llegar justo a tiempo.<\/p>\n\n\n\n<p class=\"has-text-align-center has-medium-font-size\">\ud83d\udc49 Consulta el horario aqu\u00ed:<a href=\"https:\/\/pavonaparking.com\/es\/bote-de-la-pavona-a-tortuguero\/\" title=\"Traslados en bote\"> <\/a><a href=\"https:\/\/pavonaparking.com\/es\/bote-de-la-pavona-a-tortuguero\/\" title=\"Bote p&#xFA;blico\">Traslados en bote<\/a><\/p>\n<\/div><\/div>\n\n<div id=\"preguntas-seguridad\" class=\"wp-block-uagb-container uagb-block-159c9e0d alignfull uagb-is-root-container\"><div class=\"uagb-container-inner-blocks-wrap\">\n<div class=\"wp-block-uagb-advanced-heading uagb-block-4e73d433\"><h2 class=\"uagb-heading-text\">Parqueo La Pavona &#8211; Preguntas frecuentes<\/h2><\/div>\n<\/div><\/div>\n<div class=\"wp-block-uagb-faq uagb-faq__outer-wrap uagb-block-14190282 uagb-faq-icon-row uagb-faq-layout-accordion uagb-faq-expand-first-true uagb-faq-inactive-other-true uagb-faq__wrap uagb-buttons-layout-wrap uagb-faq-equal-height     \" data-faqtoggle=\"true\" role=\"tablist\"><div class=\"wp-block-uagb-faq-child uagb-faq-child__outer-wrap uagb-faq-item uagb-block-ad2422a4 \" role=\"tab\" tabindex=\"0\"><div class=\"uagb-faq-questions-button uagb-faq-questions\">\t\t\t<span class=\"uagb-icon uagb-faq-icon-wrap\">\n\t\t\t\t\t\t\t\t<svg xmlns=\"https:\/\/www.w3.org\/2000\/svg\" viewBox= \"0 0 448 512\"><path d=\"M432 256c0 17.69-14.33 32.01-32 32.01H256v144c0 17.69-14.33 31.99-32 31.99s-32-14.3-32-31.99v-144H48c-17.67 0-32-14.32-32-32.01s14.33-31.99 32-31.99H192v-144c0-17.69 14.33-32.01 32-32.01s32 14.32 32 32.01v144h144C417.7 224 432 238.3 432 256z\"><\/path><\/svg>\n\t\t\t\t\t\t\t<\/span>\n\t\t\t\t\t\t<span class=\"uagb-icon-active uagb-faq-icon-wrap\">\n\t\t\t\t\t\t\t\t<svg xmlns=\"https:\/\/www.w3.org\/2000\/svg\" viewBox= \"0 0 448 512\"><path d=\"M400 288h-352c-17.69 0-32-14.32-32-32.01s14.31-31.99 32-31.99h352c17.69 0 32 14.3 32 31.99S417.7 288 400 288z\"><\/path><\/svg>\n\t\t\t\t\t\t\t<\/span>\n\t\t\t<span class=\"uagb-question\">\u00bfHay parqueo vigilado en La Pavona de Tortuguero?<\/span><\/div><div class=\"uagb-faq-content\"><p>S\u00ed. <strong>Pavona Parking<\/strong> ofrece las instalaciones m\u00e1s seguras del muelle de La Pavona. Nuestro parqueo cuenta con un per\u00edmetro totalmente vallado, personal de seguridad in situ 24 horas al d\u00eda, 7 d\u00edas a la semana, y c\u00e1maras de vigilancia controladas. Es la opci\u00f3n de confianza para los viajeros que dejan sus veh\u00edculos una o varias noches.  <\/p><\/div><\/div><div class=\"wp-block-uagb-faq-child uagb-faq-child__outer-wrap uagb-faq-item uagb-block-836f7fbc \" role=\"tab\" tabindex=\"0\"><div class=\"uagb-faq-questions-button uagb-faq-questions\">\t\t\t<span class=\"uagb-icon uagb-faq-icon-wrap\">\n\t\t\t\t\t\t\t\t<svg xmlns=\"https:\/\/www.w3.org\/2000\/svg\" viewBox= \"0 0 448 512\"><path d=\"M432 256c0 17.69-14.33 32.01-32 32.01H256v144c0 17.69-14.33 31.99-32 31.99s-32-14.3-32-31.99v-144H48c-17.67 0-32-14.32-32-32.01s14.33-31.99 32-31.99H192v-144c0-17.69 14.33-32.01 32-32.01s32 14.32 32 32.01v144h144C417.7 224 432 238.3 432 256z\"><\/path><\/svg>\n\t\t\t\t\t\t\t<\/span>\n\t\t\t\t\t\t<span class=\"uagb-icon-active uagb-faq-icon-wrap\">\n\t\t\t\t\t\t\t\t<svg xmlns=\"https:\/\/www.w3.org\/2000\/svg\" viewBox= \"0 0 448 512\"><path d=\"M400 288h-352c-17.69 0-32-14.32-32-32.01s14.31-31.99 32-31.99h352c17.69 0 32 14.3 32 31.99S417.7 288 400 288z\"><\/path><\/svg>\n\t\t\t\t\t\t\t<\/span>\n\t\t\t<span class=\"uagb-question\">\u00bfCu\u00e1nto cuesta parquear el veh\u00edculo en el muelle La Pavona?<\/span><\/div><div class=\"uagb-faq-content\"><p>Ofrecemos tarifas diarias competitivas (23,00 USD por noche + impuestos). Para obtener la mejor relaci\u00f3n calidad-precio, te recomendamos reservar nuestro <strong>Paquete Bote + Parqueo<\/strong>, que garantiza tu espacio y simplifica tu llegada al muelle. <\/p><\/div><\/div><div class=\"wp-block-uagb-faq-child uagb-faq-child__outer-wrap uagb-faq-item uagb-block-c6b8f6a9 \" role=\"tab\" tabindex=\"0\"><div class=\"uagb-faq-questions-button uagb-faq-questions\">\t\t\t<span class=\"uagb-icon uagb-faq-icon-wrap\">\n\t\t\t\t\t\t\t\t<svg xmlns=\"https:\/\/www.w3.org\/2000\/svg\" viewBox= \"0 0 448 512\"><path d=\"M432 256c0 17.69-14.33 32.01-32 32.01H256v144c0 17.69-14.33 31.99-32 31.99s-32-14.3-32-31.99v-144H48c-17.67 0-32-14.32-32-32.01s14.33-31.99 32-31.99H192v-144c0-17.69 14.33-32.01 32-32.01s32 14.32 32 32.01v144h144C417.7 224 432 238.3 432 256z\"><\/path><\/svg>\n\t\t\t\t\t\t\t<\/span>\n\t\t\t\t\t\t<span class=\"uagb-icon-active uagb-faq-icon-wrap\">\n\t\t\t\t\t\t\t\t<svg xmlns=\"https:\/\/www.w3.org\/2000\/svg\" viewBox= \"0 0 448 512\"><path d=\"M400 288h-352c-17.69 0-32-14.32-32-32.01s14.31-31.99 32-31.99h352c17.69 0 32 14.3 32 31.99S417.7 288 400 288z\"><\/path><\/svg>\n\t\t\t\t\t\t\t<\/span>\n\t\t\t<span class=\"uagb-question\">\u00bfTengo que reservar el espacio de parqueo con antelaci\u00f3n?<\/span><\/div><div class=\"uagb-faq-content\"><p>Aunque aceptamos veh\u00edculos sin cita previa, es muy recomendable reservar con antelaci\u00f3n en <strong>pavonaparking.com<\/strong>, especialmente en temporada alta. Una reserva te garantiza un espacio y un registro m\u00e1s r\u00e1pido, para que no pierdas la salida de tu bote a Tortuguero. <\/p><\/div><\/div><div class=\"wp-block-uagb-faq-child uagb-faq-child__outer-wrap uagb-faq-item uagb-block-522e22f4 \" role=\"tab\" tabindex=\"0\"><div class=\"uagb-faq-questions-button uagb-faq-questions\">\t\t\t<span class=\"uagb-icon uagb-faq-icon-wrap\">\n\t\t\t\t\t\t\t\t<svg xmlns=\"https:\/\/www.w3.org\/2000\/svg\" viewBox= \"0 0 448 512\"><path d=\"M432 256c0 17.69-14.33 32.01-32 32.01H256v144c0 17.69-14.33 31.99-32 31.99s-32-14.3-32-31.99v-144H48c-17.67 0-32-14.32-32-32.01s14.33-31.99 32-31.99H192v-144c0-17.69 14.33-32.01 32-32.01s32 14.32 32 32.01v144h144C417.7 224 432 238.3 432 256z\"><\/path><\/svg>\n\t\t\t\t\t\t\t<\/span>\n\t\t\t\t\t\t<span class=\"uagb-icon-active uagb-faq-icon-wrap\">\n\t\t\t\t\t\t\t\t<svg xmlns=\"https:\/\/www.w3.org\/2000\/svg\" viewBox= \"0 0 448 512\"><path d=\"M400 288h-352c-17.69 0-32-14.32-32-32.01s14.31-31.99 32-31.99h352c17.69 0 32 14.3 32 31.99S417.7 288 400 288z\"><\/path><\/svg>\n\t\t\t\t\t\t\t<\/span>\n\t\t\t<span class=\"uagb-question\">Qu\u00e9 tan temprano debo llegar antes de la partida de mi bote?<\/span><\/div><div class=\"uagb-faq-content\"><p>Te recomendamos que llegues <strong>30-45 minutos antes de la salida<\/strong>, sobre todo si llevas equipaje o viajas en temporada alta.<\/p><\/div><\/div><div class=\"wp-block-uagb-faq-child uagb-faq-child__outer-wrap uagb-faq-item uagb-block-43dc7c18 \" role=\"tab\" tabindex=\"0\"><div class=\"uagb-faq-questions-button uagb-faq-questions\">\t\t\t<span class=\"uagb-icon uagb-faq-icon-wrap\">\n\t\t\t\t\t\t\t\t<svg xmlns=\"https:\/\/www.w3.org\/2000\/svg\" viewBox= \"0 0 448 512\"><path d=\"M432 256c0 17.69-14.33 32.01-32 32.01H256v144c0 17.69-14.33 31.99-32 31.99s-32-14.3-32-31.99v-144H48c-17.67 0-32-14.32-32-32.01s14.33-31.99 32-31.99H192v-144c0-17.69 14.33-32.01 32-32.01s32 14.32 32 32.01v144h144C417.7 224 432 238.3 432 256z\"><\/path><\/svg>\n\t\t\t\t\t\t\t<\/span>\n\t\t\t\t\t\t<span class=\"uagb-icon-active uagb-faq-icon-wrap\">\n\t\t\t\t\t\t\t\t<svg xmlns=\"https:\/\/www.w3.org\/2000\/svg\" viewBox= \"0 0 448 512\"><path d=\"M400 288h-352c-17.69 0-32-14.32-32-32.01s14.31-31.99 32-31.99h352c17.69 0 32 14.3 32 31.99S417.7 288 400 288z\"><\/path><\/svg>\n\t\t\t\t\t\t\t<\/span>\n\t\t\t<span class=\"uagb-question\">\u00bfA qu\u00e9 distancia est\u00e1 el parqueo del muelle para tomar el bote a Tortuguero?<\/span><\/div><div class=\"uagb-faq-content\"><p>Nuestras instalaciones est\u00e1n situadas <strong>directamente en el muelle de La Pavona<\/strong>. No necesitar\u00e1s transporte; una vez que aparques en nuestra zona segura, la salida del barco est\u00e1 a s\u00f3lo unos pasos. <\/p><\/div><\/div><div class=\"wp-block-uagb-faq-child uagb-faq-child__outer-wrap uagb-faq-item uagb-block-19a01e68 \" role=\"tab\" tabindex=\"0\"><div class=\"uagb-faq-questions-button uagb-faq-questions\">\t\t\t<span class=\"uagb-icon uagb-faq-icon-wrap\">\n\t\t\t\t\t\t\t\t<svg xmlns=\"https:\/\/www.w3.org\/2000\/svg\" viewBox= \"0 0 448 512\"><path d=\"M432 256c0 17.69-14.33 32.01-32 32.01H256v144c0 17.69-14.33 31.99-32 31.99s-32-14.3-32-31.99v-144H48c-17.67 0-32-14.32-32-32.01s14.33-31.99 32-31.99H192v-144c0-17.69 14.33-32.01 32-32.01s32 14.32 32 32.01v144h144C417.7 224 432 238.3 432 256z\"><\/path><\/svg>\n\t\t\t\t\t\t\t<\/span>\n\t\t\t\t\t\t<span class=\"uagb-icon-active uagb-faq-icon-wrap\">\n\t\t\t\t\t\t\t\t<svg xmlns=\"https:\/\/www.w3.org\/2000\/svg\" viewBox= \"0 0 448 512\"><path d=\"M400 288h-352c-17.69 0-32-14.32-32-32.01s14.31-31.99 32-31.99h352c17.69 0 32 14.3 32 31.99S417.7 288 400 288z\"><\/path><\/svg>\n\t\t\t\t\t\t\t<\/span>\n\t\t\t<span class=\"uagb-question\">\u00bfPuedo comprar los tiquetes para el bote al llegar al parqueo?<\/span><\/div><div class=\"uagb-faq-content\"><p>S\u00ed, pero te recomendamos que reserves online nuestro <strong>Paquete Bote + Parqueo<\/strong> en pavonaparking.com. Esto garantiza tanto tu espacio de parqueo como tu asiento en el bote, ahorr\u00e1ndote tiempo y estr\u00e9s a tu llegada. <\/p><\/div><\/div><\/div>\n<div class=\"wp-block-columns is-layout-flex wp-container-core-columns-is-layout-28f84493 wp-block-columns-is-layout-flex\">\n<div class=\"wp-block-column is-layout-flow wp-block-column-is-layout-flow\" style=\"flex-basis:100%\">\n<div class=\"wp-block-uagb-container uagb-block-0d6e6fa5 alignfull uagb-is-root-container\"><div class=\"uagb-container-inner-blocks-wrap\">\n<div class=\"wp-block-uagb-info-box uagb-block-a3aa2356 uagb-infobox__content-wrap  uagb-infobox-icon-above-title uagb-infobox-image-valign-top wp-block-uagb-info-box--has-margin\"><div class=\"uagb-infobox-margin-wrapper\"><div class=\"uagb-ifb-content\"><div class=\"uagb-ifb-title-wrap\"><span class=\"uagb-ifb-title-prefix\"><strong>Todo lo que necesitas para tu viaje a Tortuguero &#8211; en un solo lugar<\/strong><\/span><h2 class=\"uagb-ifb-title\"><strong>Aparcamiento, traslados en barco y excursiones, todo lo que necesitas para una visita tranquila y sin estr\u00e9s.<\/strong><\/h2><\/div><\/div><\/div><\/div>\n\n\n\n<p class=\"has-text-align-center has-luminous-vivid-amber-color has-text-color has-link-color has-medium-font-size wp-elements-305fe719a98722a1dadb786a24da74ab\">\u00a0<strong><a href=\"https:\/\/pavonaparking.com\/\" title=\"Parking\">Parking<\/a><\/strong>\u00a0| \u00a0<strong><a href=\"https:\/\/pavonaparking.com\/la-pavona-to-tortuguero-boat\" title=\"Boat Transfers\">Boat Transfers<\/a><\/strong>\u00a0| \u00a0<strong><a href=\"https:\/\/pavonaparking.com\/tours\/\" title=\"Tours\">Tours<\/a><\/strong><\/p>\n<\/div><\/div>\n<\/div>\n<\/div>\n","protected":false},"excerpt":{"rendered":"<p>La forma m\u00e1s segura de parquear y viajar. Reserva tu espacio de parqueo seguro y tus tiquetes para el bote [&hellip;]<\/p>\n","protected":false},"author":1,"featured_media":748,"parent":0,"menu_order":0,"comment_status":"closed","ping_status":"closed","template":"","meta":{"_uag_custom_page_level_css":"","site-sidebar-layout":"default","site-content-layout":"","ast-site-content-layout":"full-width-container","site-content-style":"default","site-sidebar-style":"default","ast-global-header-display":"","ast-banner-title-visibility":"","ast-main-header-display":"","ast-hfb-above-header-display":"","ast-hfb-below-header-display":"","ast-hfb-mobile-header-display":"","site-post-title":"disabled","ast-breadcrumbs-content":"","ast-featured-img":"disabled","footer-sml-layout":"","ast-disable-related-posts":"","theme-transparent-header-meta":"enabled","adv-header-id-meta":"","stick-header-meta":"","header-above-stick-meta":"","header-main-stick-meta":"","header-below-stick-meta":"","astra-migrate-meta-layouts":"default","ast-page-background-enabled":"default","ast-page-background-meta":{"desktop":{"background-color":"var(--ast-global-color-4)","background-image":"","background-repeat":"repeat","background-position":"center center","background-size":"auto","background-attachment":"scroll","background-type":"","background-media":"","overlay-type":"","overlay-color":"","overlay-opacity":"","overlay-gradient":""},"tablet":{"background-color":"","background-image":"","background-repeat":"repeat","background-position":"center center","background-size":"auto","background-attachment":"scroll","background-type":"","background-media":"","overlay-type":"","overlay-color":"","overlay-opacity":"","overlay-gradient":""},"mobile":{"background-color":"","background-image":"","background-repeat":"repeat","background-position":"center center","background-size":"auto","background-attachment":"scroll","background-type":"","background-media":"","overlay-type":"","overlay-color":"","overlay-opacity":"","overlay-gradient":""}},"ast-content-background-meta":{"desktop":{"background-color":"var(--ast-global-color-5)","background-image":"","background-repeat":"repeat","background-position":"center center","background-size":"auto","background-attachment":"scroll","background-type":"","background-media":"","overlay-type":"","overlay-color":"","overlay-opacity":"","overlay-gradient":""},"tablet":{"background-color":"var(--ast-global-color-5)","background-image":"","background-repeat":"repeat","background-position":"center center","background-size":"auto","background-attachment":"scroll","background-type":"","background-media":"","overlay-type":"","overlay-color":"","overlay-opacity":"","overlay-gradient":""},"mobile":{"background-color":"var(--ast-global-color-5)","background-image":"","background-repeat":"repeat","background-position":"center center","background-size":"auto","background-attachment":"scroll","background-type":"","background-media":"","overlay-type":"","overlay-color":"","overlay-opacity":"","overlay-gradient":""}},"footnotes":""},"class_list":["post-788","page","type-page","status-publish","has-post-thumbnail","hentry"],"aioseo_notices":[],"uagb_featured_image_src":{"full":["https:\/\/pavonaparking.com\/wp-content\/uploads\/2025\/06\/1748962912782-e1748974572681.jpg",706,800,false],"thumbnail":["https:\/\/pavonaparking.com\/wp-content\/uploads\/2025\/06\/1748962912782-e1748974572681-150x150.jpg",150,150,true],"medium":["https:\/\/pavonaparking.com\/wp-content\/uploads\/2025\/06\/1748962912782-e1748974572681-265x300.jpg",265,300,true],"medium_large":["https:\/\/pavonaparking.com\/wp-content\/uploads\/2025\/06\/1748962912782-768x512.jpg",768,512,true],"large":["https:\/\/pavonaparking.com\/wp-content\/uploads\/2025\/06\/1748962912782-1024x683.jpg",1024,683,true],"1536x1536":["https:\/\/pavonaparking.com\/wp-content\/uploads\/2025\/06\/1748962912782-e1748974572681.jpg",706,800,false],"2048x2048":["https:\/\/pavonaparking.com\/wp-content\/uploads\/2025\/06\/1748962912782-e1748974572681.jpg",706,800,false]},"uagb_author_info":{"display_name":"kayvalverde@gmail.com","author_link":"https:\/\/pavonaparking.com\/es\/author\/kayvalverdegmail-com\/"},"uagb_comment_info":0,"uagb_excerpt":"La forma m\u00e1s segura de parquear y viajar. Reserva tu espacio de parqueo seguro y tus tiquetes para el bote [&hellip;]","_links":{"self":[{"href":"https:\/\/pavonaparking.com\/es\/wp-json\/wp\/v2\/pages\/788","targetHints":{"allow":["GET"]}}],"collection":[{"href":"https:\/\/pavonaparking.com\/es\/wp-json\/wp\/v2\/pages"}],"about":[{"href":"https:\/\/pavonaparking.com\/es\/wp-json\/wp\/v2\/types\/page"}],"author":[{"embeddable":true,"href":"https:\/\/pavonaparking.com\/es\/wp-json\/wp\/v2\/users\/1"}],"replies":[{"embeddable":true,"href":"https:\/\/pavonaparking.com\/es\/wp-json\/wp\/v2\/comments?post=788"}],"version-history":[{"count":12,"href":"https:\/\/pavonaparking.com\/es\/wp-json\/wp\/v2\/pages\/788\/revisions"}],"predecessor-version":[{"id":1068,"href":"https:\/\/pavonaparking.com\/es\/wp-json\/wp\/v2\/pages\/788\/revisions\/1068"}],"wp:featuredmedia":[{"embeddable":true,"href":"https:\/\/pavonaparking.com\/es\/wp-json\/wp\/v2\/media\/748"}],"wp:attachment":[{"href":"https:\/\/pavonaparking.com\/es\/wp-json\/wp\/v2\/media?parent=788"}],"curies":[{"name":"wp","href":"https:\/\/api.w.org\/{rel}","templated":true}]}}