{"id":792,"date":"2025-06-03T12:27:20","date_gmt":"2025-06-03T12:27:20","guid":{"rendered":"https:\/\/pavonaparking.com\/como-llegar-a-la-pavona\/"},"modified":"2026-03-05T03:40:21","modified_gmt":"2026-03-05T03:40:21","slug":"localizacion","status":"publish","type":"page","link":"https:\/\/pavonaparking.com\/es\/localizacion\/","title":{"rendered":"C\u00f3mo llegar a La Pavona?"},"content":{"rendered":"\n<div class=\"wp-block-uagb-container uagb-block-83619173 alignfull uagb-is-root-container\"><div class=\"uagb-container-inner-blocks-wrap\">\n<div class=\"wp-block-uagb-info-box uagb-block-62021f15 uagb-infobox__content-wrap  uagb-infobox-icon-above-title uagb-infobox-image-valign-top\"><div class=\"uagb-ifb-content\"><div class=\"uagb-ifb-title-wrap\"><h1 class=\"uagb-ifb-title-prefix\">LOCALIZACI\u00d3N<\/h1><h1 class=\"uagb-ifb-title\">C\u00f3mo llegar al parqueo de La Pavona?<\/h1><\/div><\/div><\/div>\n<\/div><\/div>\n\n<div class=\"wp-block-uagb-container uagb-block-c97fe07f alignfull uagb-is-root-container\"><div class=\"uagb-container-inner-blocks-wrap\">\n<div class=\"wp-block-uagb-container uagb-block-7c2a0f73\">\n<p>Pavona Parking est\u00e1 ubicado justo en el <strong>muelle de La Pavona<\/strong>, el principal punto de embarque para viajeros que se dirigen a Tortuguero en bote. Si vienes conduciendo desde San Jos\u00e9, La Fortuna o Gu\u00e1piles, nuestra ubicaci\u00f3n es f\u00e1cil de encontrar usando <strong>Waze o Google Maps<\/strong>: solo busca <strong>\u00abPavona Parking &amp; Boat Tickets\u00bb<\/strong> o introduce la siguiente direcci\u00f3n: <\/p>\n\n\n\n<blockquote class=\"wp-block-quote is-layout-flow wp-block-quote-is-layout-flow\">\n<p>\ud83d\udccd <em>Pavona<\/em> Parking &amp; Boat Tickets<\/p>\n<\/blockquote>\n\n\n\n<p>Una vez que llegues, ver\u00e1s se\u00f1alizaci\u00f3n clara y nuestro personal listo para darte la bienvenida. Estamos a una corta distancia (menos de un minuto) del muelle, as\u00ed que no tendr\u00e1s que cargar tu equipaje muy lejos. <\/p>\n\n\n\n<p>Te recomendamos llegar al menos <strong>30 minutos antes de la hora de salida de tu bote<\/strong>, especialmente si viajas durante temporada alta. Nuestro parqueo seguro est\u00e1 abierto 24\/7, y puedes hacer tu reserva online para garantizar tu espacio. <\/p>\n\n\n\n<p>\u00bfNecesitas ayuda con las indicaciones? Usa nuestro mapa interactivo a continuaci\u00f3n o cont\u00e1ctanos por WhatsApp. Estaremos encantados de orientarte.  <\/p>\n<\/div>\n<\/div><\/div>\n\n<div class=\"wp-block-uagb-container uagb-block-44ac5083 alignfull uagb-is-root-container\"><div class=\"uagb-container-inner-blocks-wrap\">\n<div class=\"wp-block-gmap-gmap-block gmap-block-ri37lqcu\"><iframe src=\"https:\/\/maps.google.com\/maps?q=Pavona+Parking&amp;z=10&amp;t=roadmap&amp;output=embed\" class=\"embd-map\" title=\"Pavona Parking\"><\/iframe><\/div>\n<\/div><\/div>\n\n<div class=\"wp-block-uagb-container uagb-block-0d6e6fa5 alignfull uagb-is-root-container\"><div class=\"uagb-container-inner-blocks-wrap\">\n<div class=\"wp-block-uagb-info-box uagb-block-a3aa2356 uagb-infobox__content-wrap  uagb-infobox-icon-above-title uagb-infobox-image-valign-top wp-block-uagb-info-box--has-margin\"><div class=\"uagb-infobox-margin-wrapper\"><div class=\"uagb-ifb-content\"><div class=\"uagb-ifb-title-wrap\"><span class=\"uagb-ifb-title-prefix\"><strong>Todo lo que necesitas para tu viaje a Tortuguero &#8211; en un solo lugar<\/strong><\/span><h2 class=\"uagb-ifb-title\"><strong>Aparcamiento, traslados en barco y excursiones, todo lo que necesitas para una visita tranquila y sin estr\u00e9s.<\/strong><\/h2><\/div><\/div><\/div><\/div>\n\n\n\n<p class=\"has-text-align-center has-luminous-vivid-amber-color has-text-color has-link-color has-medium-font-size wp-elements-305fe719a98722a1dadb786a24da74ab\">\u00a0<strong><a href=\"https:\/\/pavonaparking.com\/\" title=\"Parking\">Parking<\/a><\/strong>\u00a0| \u00a0<strong><a href=\"https:\/\/pavonaparking.com\/la-pavona-to-tortuguero-boat\" title=\"Boat Transfers\">Boat Transfers<\/a><\/strong>\u00a0| \u00a0<strong><a href=\"https:\/\/pavonaparking.com\/tours\/\" title=\"Tours\">Tours<\/a><\/strong><\/p>\n<\/div><\/div>\n","protected":false},"excerpt":{"rendered":"<p>Pavona Parking est\u00e1 ubicado justo en el muelle de La Pavona, el principal punto de embarque para viajeros que se [&hellip;]<\/p>\n","protected":false},"author":1,"featured_media":787,"parent":0,"menu_order":0,"comment_status":"closed","ping_status":"closed","template":"","meta":{"_uag_custom_page_level_css":"","site-sidebar-layout":"default","site-content-layout":"","ast-site-content-layout":"full-width-container","site-content-style":"default","site-sidebar-style":"default","ast-global-header-display":"","ast-banner-title-visibility":"","ast-main-header-display":"","ast-hfb-above-header-display":"","ast-hfb-below-header-display":"","ast-hfb-mobile-header-display":"","site-post-title":"disabled","ast-breadcrumbs-content":"","ast-featured-img":"disabled","footer-sml-layout":"","ast-disable-related-posts":"","theme-transparent-header-meta":"enabled","adv-header-id-meta":"","stick-header-meta":"","header-above-stick-meta":"","header-main-stick-meta":"","header-below-stick-meta":"","astra-migrate-meta-layouts":"default","ast-page-background-enabled":"default","ast-page-background-meta":{"desktop":{"background-color":"var(--ast-global-color-4)","background-image":"","background-repeat":"repeat","background-position":"center center","background-size":"auto","background-attachment":"scroll","background-type":"","background-media":"","overlay-type":"","overlay-color":"","overlay-opacity":"","overlay-gradient":""},"tablet":{"background-color":"","background-image":"","background-repeat":"repeat","background-position":"center center","background-size":"auto","background-attachment":"scroll","background-type":"","background-media":"","overlay-type":"","overlay-color":"","overlay-opacity":"","overlay-gradient":""},"mobile":{"background-color":"","background-image":"","background-repeat":"repeat","background-position":"center center","background-size":"auto","background-attachment":"scroll","background-type":"","background-media":"","overlay-type":"","overlay-color":"","overlay-opacity":"","overlay-gradient":""}},"ast-content-background-meta":{"desktop":{"background-color":"var(--ast-global-color-5)","background-image":"","background-repeat":"repeat","background-position":"center center","background-size":"auto","background-attachment":"scroll","background-type":"","background-media":"","overlay-type":"","overlay-color":"","overlay-opacity":"","overlay-gradient":""},"tablet":{"background-color":"var(--ast-global-color-5)","background-image":"","background-repeat":"repeat","background-position":"center center","background-size":"auto","background-attachment":"scroll","background-type":"","background-media":"","overlay-type":"","overlay-color":"","overlay-opacity":"","overlay-gradient":""},"mobile":{"background-color":"var(--ast-global-color-5)","background-image":"","background-repeat":"repeat","background-position":"center center","background-size":"auto","background-attachment":"scroll","background-type":"","background-media":"","overlay-type":"","overlay-color":"","overlay-opacity":"","overlay-gradient":""}},"footnotes":""},"class_list":["post-792","page","type-page","status-publish","has-post-thumbnail","hentry"],"aioseo_notices":[],"uagb_featured_image_src":{"full":["https:\/\/pavonaparking.com\/wp-content\/uploads\/2025\/06\/1748962912886-1-scaled.jpg",2560,1707,false],"thumbnail":["https:\/\/pavonaparking.com\/wp-content\/uploads\/2025\/06\/1748962912886-1-150x150.jpg",150,150,true],"medium":["https:\/\/pavonaparking.com\/wp-content\/uploads\/2025\/06\/1748962912886-1-300x200.jpg",300,200,true],"medium_large":["https:\/\/pavonaparking.com\/wp-content\/uploads\/2025\/06\/1748962912886-1-768x512.jpg",768,512,true],"large":["https:\/\/pavonaparking.com\/wp-content\/uploads\/2025\/06\/1748962912886-1-1024x683.jpg",1024,683,true],"1536x1536":["https:\/\/pavonaparking.com\/wp-content\/uploads\/2025\/06\/1748962912886-1-1536x1024.jpg",1536,1024,true],"2048x2048":["https:\/\/pavonaparking.com\/wp-content\/uploads\/2025\/06\/1748962912886-1-2048x1365.jpg",2048,1365,true]},"uagb_author_info":{"display_name":"kayvalverde@gmail.com","author_link":"https:\/\/pavonaparking.com\/es\/author\/kayvalverdegmail-com\/"},"uagb_comment_info":0,"uagb_excerpt":"Pavona Parking est\u00e1 ubicado justo en el muelle de La Pavona, el principal punto de embarque para viajeros que se [&hellip;]","_links":{"self":[{"href":"https:\/\/pavonaparking.com\/es\/wp-json\/wp\/v2\/pages\/792","targetHints":{"allow":["GET"]}}],"collection":[{"href":"https:\/\/pavonaparking.com\/es\/wp-json\/wp\/v2\/pages"}],"about":[{"href":"https:\/\/pavonaparking.com\/es\/wp-json\/wp\/v2\/types\/page"}],"author":[{"embeddable":true,"href":"https:\/\/pavonaparking.com\/es\/wp-json\/wp\/v2\/users\/1"}],"replies":[{"embeddable":true,"href":"https:\/\/pavonaparking.com\/es\/wp-json\/wp\/v2\/comments?post=792"}],"version-history":[{"count":5,"href":"https:\/\/pavonaparking.com\/es\/wp-json\/wp\/v2\/pages\/792\/revisions"}],"predecessor-version":[{"id":1075,"href":"https:\/\/pavonaparking.com\/es\/wp-json\/wp\/v2\/pages\/792\/revisions\/1075"}],"wp:featuredmedia":[{"embeddable":true,"href":"https:\/\/pavonaparking.com\/es\/wp-json\/wp\/v2\/media\/787"}],"wp:attachment":[{"href":"https:\/\/pavonaparking.com\/es\/wp-json\/wp\/v2\/media?parent=792"}],"curies":[{"name":"wp","href":"https:\/\/api.w.org\/{rel}","templated":true}]}}