{"id":794,"date":"2025-06-03T12:27:20","date_gmt":"2025-06-03T12:27:20","guid":{"rendered":"https:\/\/pavonaparking.com\/visitas\/"},"modified":"2025-07-06T16:44:26","modified_gmt":"2025-07-06T16:44:26","slug":"visitas","status":"publish","type":"page","link":"https:\/\/pavonaparking.com\/es\/visitas\/","title":{"rendered":"Visitas"},"content":{"rendered":"\n<div class=\"wp-block-uagb-container uag-blocks-common-selector uagb-block-7024acc2 alignfull uagb-is-root-container\"><div class=\"uagb-container-inner-blocks-wrap\">\n<div class=\"wp-block-uagb-info-box uagb-block-45be0f1e uagb-infobox__content-wrap  uagb-infobox-icon-above-title uagb-infobox-image-valign-top wp-block-uagb-info-box--has-margin\"><div class=\"uagb-infobox-margin-wrapper\"><div class=\"uagb-ifb-content\"><div class=\"uagb-ifb-title-wrap\"><span class=\"uagb-ifb-title-prefix\">viajes y experiencias<\/span><h1 class=\"uagb-ifb-title\">Explora Tortuguero con las Mejores Excursiones Locales<\/h1><\/div><\/div><\/div><\/div>\n<\/div><\/div>\n\n<div class=\"wp-block-uagb-container uagb-block-7449c9bf alignfull uagb-is-root-container\"><div class=\"uagb-container-inner-blocks-wrap\">\n<div class=\"wp-block-uagb-container uag-blocks-common-selector uagb-block-30b178af\">\n<div class=\"wp-block-uagb-container uagb-block-e08d2ba7\">\n<div class=\"wp-block-uagb-info-box uagb-block-cb1e2609 uagb-infobox__content-wrap  uagb-infobox-icon-above-title uagb-infobox-image-valign-top wp-block-uagb-info-box--has-margin\"><div class=\"uagb-infobox-margin-wrapper\"><div class=\"uagb-ifb-content\"><div class=\"uagb-ifb-title-wrap\"><span class=\"uagb-ifb-title-prefix\"><strong>FAVORITO DE LOS VIAJEROS<\/strong><\/span><h2 class=\"uagb-ifb-title\">Explora los canales de Tortuguero<\/h2><\/div><p class=\"uagb-ifb-desc\">Experimenta la magia del Parque Nacional de Tortuguero con una excursi\u00f3n guiada por sus pintorescos canales, la mejor forma de observar la vida salvaje en su h\u00e1bitat natural. Dirigidos por gu\u00edas locales certificados, estos recorridos tienen lugar a primera hora de la ma\u00f1ana, cuando la selva est\u00e1 m\u00e1s viva con aves, monos, perezosos y mucho m\u00e1s.<br\/>Elige entre las opciones de canoa, kayak o lancha motora seg\u00fan tu estilo y comodidad. \u00c9sta es nuestra experiencia m\u00e1s popular y recomendada, perfecta para los amantes de la naturaleza, los fot\u00f3grafos y los que nos visitan por primera vez.  <\/p><\/div><\/div><\/div>\n\n\n\n<div style=\"height:10px\" aria-hidden=\"true\" class=\"wp-block-spacer\"><\/div>\n\n\n\n<div class=\"wp-block-buttons is-layout-flex wp-block-buttons-is-layout-flex\">\n<div class=\"wp-block-button\"><a class=\"wp-block-button__link wp-element-button\">Reservar viaje ahora<\/a><\/div>\n<\/div>\n<\/div>\n\n\n\n<div class=\"wp-block-uagb-container uagb-block-fa9be21e\">\n<div class=\"wp-block-uagb-image alignleft uagb-block-624b89c7 wp-block-uagb-image--layout-default wp-block-uagb-image--effect-static wp-block-uagb-image--align-left\"><figure class=\"wp-block-uagb-image__figure\"><img decoding=\"async\" srcset=\"https:\/\/pavonaparking.com\/wp-content\/uploads\/2025\/06\/Canoa.jpg ,https:\/\/pavonaparking.com\/wp-content\/uploads\/2025\/06\/Canoa.jpg 780w, https:\/\/pavonaparking.com\/wp-content\/uploads\/2025\/06\/Canoa.jpg 360w\" sizes=\"auto, (max-width: 480px) 150px\" src=\"https:\/\/pavonaparking.com\/wp-content\/uploads\/2025\/06\/Canoa.jpg\" alt=\"\" class=\"uag-image-629\" width=\"600\" height=\"464\" title=\"Canoa\" loading=\"lazy\" role=\"img\"><\/figure><\/div>\n<\/div>\n<\/div>\n\n\n\n<div class=\"wp-block-uagb-container uagb-block-947592b1 alignfull uagb-is-root-container\"><div class=\"uagb-container-inner-blocks-wrap\">\n<div class=\"wp-block-uagb-container uagb-block-5e41bb9d\">\n<div class=\"wp-block-uagb-image alignleft uagb-block-6f3129d4 wp-block-uagb-image--layout-default wp-block-uagb-image--effect-static wp-block-uagb-image--align-left\"><figure class=\"wp-block-uagb-image__figure\"><img decoding=\"async\" srcset=\"https:\/\/pavonaparking.com\/wp-content\/uploads\/2025\/06\/Cerro76.jpg ,https:\/\/pavonaparking.com\/wp-content\/uploads\/2025\/06\/Cerro76.jpg 780w, https:\/\/pavonaparking.com\/wp-content\/uploads\/2025\/06\/Cerro76.jpg 360w\" sizes=\"auto, (max-width: 480px) 150px\" src=\"https:\/\/pavonaparking.com\/wp-content\/uploads\/2025\/06\/Cerro76.jpg\" alt=\"\" class=\"uag-image-657\" width=\"492\" height=\"464\" title=\"Cerro76\" loading=\"lazy\" role=\"img\"><\/figure><\/div>\n<\/div>\n\n\n\n<div class=\"wp-block-uagb-container uagb-block-9a73b9d6\">\n<div class=\"wp-block-uagb-info-box uagb-block-c2081357 uagb-infobox__content-wrap  uagb-infobox-icon-above-title uagb-infobox-image-valign-top wp-block-uagb-info-box--has-margin\"><div class=\"uagb-infobox-margin-wrapper\"><div class=\"uagb-ifb-content\"><div class=\"uagb-ifb-title-wrap\"><span class=\"uagb-ifb-title-prefix\">Explora la selva tropical a pie<\/span><h2 class=\"uagb-ifb-title\">Paseos guiados por la naturaleza en Tortuguero<\/h2><\/div><p class=\"uagb-ifb-desc\">Explora la selva tropical de Tortuguero a pie con un gu\u00eda titulado. Recorre el <strong>Sendero del Jaguar<\/strong> en el Parque Nacional o sube al <strong>Cerro Tortuguero<\/strong> para disfrutar de unas vistas asombrosas.<br\/>Estas excursiones ofrecen una visi\u00f3n m\u00e1s cercana de las plantas y animales de la regi\u00f3n, perfectas para los amantes de la naturaleza que quieran experimentar la selva a un ritmo m\u00e1s lento. <\/p><\/div><\/div><\/div>\n\n\n\n<div class=\"wp-block-buttons is-layout-flex wp-block-buttons-is-layout-flex\">\n<div class=\"wp-block-button\"><a class=\"wp-block-button__link wp-element-button\">reserva paseos guiados<\/a><\/div>\n<\/div>\n<\/div>\n<\/div><\/div>\n\n\n\n<div class=\"wp-block-uagb-container uagb-block-706afc9c alignfull uagb-is-root-container\"><div class=\"uagb-container-inner-blocks-wrap\">\n<div class=\"wp-block-uagb-container uagb-block-f7b650f5\">\n<div class=\"wp-block-uagb-info-box uagb-block-4853bff0 uagb-infobox__content-wrap  uagb-infobox-icon-above-title uagb-infobox-image-valign-top wp-block-uagb-info-box--has-margin\"><div class=\"uagb-infobox-margin-wrapper\"><div class=\"uagb-ifb-content\"><div class=\"uagb-ifb-title-wrap\"><span class=\"uagb-ifb-title-prefix\">Contempla c\u00f3mo la selva cobra vida por la noche<\/span><h2 class=\"uagb-ifb-title\">Paseo nocturno por la selva<\/h2><\/div><p class=\"uagb-ifb-desc\">Al ponerse el sol, se despierta un lado diferente de Tortuguero. \u00danete a un paseo nocturno guiado para avistar ranas, insectos, reptiles y otros animales nocturnos que rara vez se ven durante el d\u00eda.<br\/>Dirigido por un naturalista experimentado, este recorrido revela los sonidos y las sorpresas de la selva al anochecer: una actividad imprescindible para los viajeros curiosos y los amantes de la vida salvaje. <\/p><\/div><\/div><\/div>\n\n\n\n<div class=\"wp-block-buttons is-layout-flex wp-block-buttons-is-layout-flex\">\n<div class=\"wp-block-button\"><a class=\"wp-block-button__link wp-element-button\">reservar visita nocturna<\/a><\/div>\n<\/div>\n<\/div>\n\n\n\n<div class=\"wp-block-uagb-container uagb-block-482c24a8\">\n<div class=\"wp-block-uagb-image alignleft uagb-block-63ffd992 wp-block-uagb-image--layout-default wp-block-uagb-image--effect-static wp-block-uagb-image--align-left\"><figure class=\"wp-block-uagb-image__figure\"><img decoding=\"async\" srcset=\"https:\/\/pavonaparking.com\/wp-content\/uploads\/2025\/06\/manuel-antonio-night-walk-1-1024x683.jpg.webp.webp ,https:\/\/pavonaparking.com\/wp-content\/uploads\/2025\/06\/manuel-antonio-night-walk-1-1024x683.jpg.webp.webp 780w, https:\/\/pavonaparking.com\/wp-content\/uploads\/2025\/06\/manuel-antonio-night-walk-1-1024x683.jpg.webp.webp 360w\" sizes=\"auto, (max-width: 480px) 150px\" src=\"https:\/\/pavonaparking.com\/wp-content\/uploads\/2025\/06\/manuel-antonio-night-walk-1-1024x683.jpg.webp.webp\" alt=\"\" class=\"uag-image-663\" width=\"600\" height=\"464\" title=\"manuel-antonio-night-walk-1-1024x683.jpg.webp\" loading=\"lazy\" role=\"img\"><\/figure><\/div>\n<\/div>\n<\/div><\/div>\n\n\n\n<div class=\"wp-block-uagb-container uagb-block-9d773bef alignfull uagb-is-root-container\"><div class=\"uagb-container-inner-blocks-wrap\">\n<div class=\"wp-block-uagb-container uagb-block-3d125eab\">\n<div class=\"wp-block-uagb-image alignleft uagb-block-5ac41074 wp-block-uagb-image--layout-default wp-block-uagb-image--effect-static wp-block-uagb-image--align-left\"><figure class=\"wp-block-uagb-image__figure\"><img decoding=\"async\" srcset=\"https:\/\/pavonaparking.com\/wp-content\/uploads\/2025\/06\/Flora-Fauna170.jpg ,https:\/\/pavonaparking.com\/wp-content\/uploads\/2025\/06\/Flora-Fauna170.jpg 780w, https:\/\/pavonaparking.com\/wp-content\/uploads\/2025\/06\/Flora-Fauna170.jpg 360w\" sizes=\"auto, (max-width: 480px) 150px\" src=\"https:\/\/pavonaparking.com\/wp-content\/uploads\/2025\/06\/Flora-Fauna170.jpg\" alt=\"\" class=\"uag-image-656\" width=\"600\" height=\"464\" title=\"Flora y Fauna170\" loading=\"lazy\" role=\"img\"><\/figure><\/div>\n<\/div>\n\n\n\n<div class=\"wp-block-uagb-container uagb-block-c6b25562\">\n<div class=\"wp-block-uagb-info-box uagb-block-f6672f87 uagb-infobox__content-wrap  uagb-infobox-icon-above-title uagb-infobox-image-valign-top wp-block-uagb-info-box--has-margin\"><div class=\"uagb-infobox-margin-wrapper\"><div class=\"uagb-ifb-content\"><div class=\"uagb-ifb-title-wrap\"><span class=\"uagb-ifb-title-prefix\">Disponible por temporadas (de julio a octubre)<\/span><h2 class=\"uagb-ifb-title\">Excursi\u00f3n de anidamiento de tortugas marinas<\/h2><\/div><p class=\"uagb-ifb-desc\">S\u00e9 testigo de uno de los acontecimientos m\u00e1s incre\u00edbles de la naturaleza: el desove de las tortugas marinas en las playas de Tortuguero. Acompa\u00f1ado por gu\u00edas certificados, observar\u00e1s este momento fr\u00e1gil e inolvidable con respeto y cuidado.<br\/>Esta excursi\u00f3n nocturna se realiza bajo estrictas normas de conservaci\u00f3n para garantizar la m\u00ednima perturbaci\u00f3n de las tortugas: una experiencia verdaderamente conmovedora y educativa.<\/p><\/div><\/div><\/div>\n\n\n\n<div class=\"wp-block-buttons is-layout-flex wp-block-buttons-is-layout-flex\">\n<div class=\"wp-block-button\"><a class=\"wp-block-button__link wp-element-button\">reservar excursi\u00f3n de anidamiento de tortugas<\/a><\/div>\n<\/div>\n<\/div>\n<\/div><\/div>\n\n\n\n<div class=\"wp-block-uagb-container uagb-block-f9c98f8b alignfull uagb-is-root-container\"><div class=\"uagb-container-inner-blocks-wrap\">\n<div class=\"wp-block-uagb-container uagb-block-79239d01\">\n<div class=\"wp-block-uagb-info-box uagb-block-7e3c4900 uagb-infobox__content-wrap  uagb-infobox-icon-above-title uagb-infobox-image-valign-top wp-block-uagb-info-box--has-margin\"><div class=\"uagb-infobox-margin-wrapper\"><div class=\"uagb-ifb-content\"><div class=\"uagb-ifb-title-wrap\"><span class=\"uagb-ifb-title-prefix\">Una forma \u00fanica de experimentar el agua<\/span><h2 class=\"uagb-ifb-title\">Excursiones de Pesca Deportiva y Tradicional<\/h2><\/div><p class=\"uagb-ifb-desc\">Explora las ricas aguas de Tortuguero con un gu\u00eda local, tanto si buscas la emoci\u00f3n de la <strong>pesca deportiva de captura y suelta como<\/strong>una <strong>experiencia de pesca artesanal<\/strong> m\u00e1s <strong>aut\u00e9ntica<\/strong> con t\u00e9cnicas tradicionales.<br\/>Estas excursiones ofrecen una perspectiva \u00fanica de la cultura y la biodiversidad de la regi\u00f3n, y son perfectas tanto para los entusiastas de la pesca como para los viajeros curiosos.<\/p><\/div><\/div><\/div>\n\n\n\n<div class=\"wp-block-buttons is-layout-flex wp-block-buttons-is-layout-flex\">\n<div class=\"wp-block-button\"><a class=\"wp-block-button__link wp-element-button\">reservar excursi\u00f3n de pesca<\/a><\/div>\n<\/div>\n<\/div>\n\n\n\n<div class=\"wp-block-uagb-container uagb-block-b731fed2\">\n<div class=\"wp-block-uagb-image alignleft uagb-block-b5743d0c wp-block-uagb-image--layout-default wp-block-uagb-image--effect-static wp-block-uagb-image--align-left\"><figure class=\"wp-block-uagb-image__figure\"><img decoding=\"async\" srcset=\"https:\/\/pavonaparking.com\/wp-content\/uploads\/2025\/06\/captain-eddie-brown.jpg ,https:\/\/pavonaparking.com\/wp-content\/uploads\/2025\/06\/captain-eddie-brown.jpg 780w, https:\/\/pavonaparking.com\/wp-content\/uploads\/2025\/06\/captain-eddie-brown.jpg 360w\" sizes=\"auto, (max-width: 480px) 150px\" src=\"https:\/\/pavonaparking.com\/wp-content\/uploads\/2025\/06\/captain-eddie-brown.jpg\" alt=\"\" class=\"uag-image-661\" width=\"600\" height=\"464\" title=\"capit\u00e1n-eddie-marr\u00f3n\" loading=\"lazy\" role=\"img\"><\/figure><\/div>\n<\/div>\n<\/div><\/div>\n<\/div><\/div>\n\n<div class=\"wp-block-uagb-container uagb-block-94e5ad93 alignfull uagb-is-root-container\"><div class=\"uagb-container-inner-blocks-wrap\">\n<div class=\"wp-block-uagb-info-box uagb-block-01720b37 uagb-infobox__content-wrap  uagb-infobox-icon-above-title uagb-infobox-image-valign-top\"><div class=\"uagb-ifb-content\"><div class=\"uagb-ifb-icon-wrap\"><svg xmlns=\"https:\/\/www.w3.org\/2000\/svg\" viewbox=\"0 0 448 512\"><path d=\"M96 96C42.98 96 0 138.1 0 192s42.98 96 96 96c11.28 0 21.95-2.305 32-5.879V288c0 35.3-28.7 64-64 64c-17.67 0-32 14.33-32 32s14.33 32 32 32c70.58 0 128-57.42 128-128V192C192 138.1 149 96 96 96zM448 192c0-53.02-42.98-96-96-96s-96 42.98-96 96s42.98 96 96 96c11.28 0 21.95-2.305 32-5.879V288c0 35.3-28.7 64-64 64c-17.67 0-32 14.33-32 32s14.33 32 32 32c70.58 0 128-57.42 128-128V192z\"><\/path><\/svg><\/div><div class=\"uagb-ifb-title-wrap\"><h2 class=\"uagb-ifb-title\">\u00ab\u00a1La excursi\u00f3n que reservamos a trav\u00e9s de Pavona Parking fue lo mejor de nuestro viaje! El gu\u00eda era experto, simp\u00e1tico y nos ayud\u00f3 a ver una fauna incre\u00edble. Todo estaba perfectamente organizado: nos sentimos seguros y cuidados todo el tiempo\u00bb.<\/h2><\/div><\/div><\/div>\n\n\n\n<div class=\"wp-block-uagb-advanced-heading uagb-block-e689f21b\"><div class=\"uagb-heading-text\">&#8211; <em>Emma L., Canad\u00e1<\/em><\/div><\/div>\n<\/div><\/div>\n\n<div class=\"wp-block-uagb-container uagb-block-0d6e6fa5 alignfull uagb-is-root-container\"><div class=\"uagb-container-inner-blocks-wrap\">\n<div class=\"wp-block-uagb-info-box uagb-block-a3aa2356 uagb-infobox__content-wrap  uagb-infobox-icon-above-title uagb-infobox-image-valign-top wp-block-uagb-info-box--has-margin\"><div class=\"uagb-infobox-margin-wrapper\"><div class=\"uagb-ifb-content\"><div class=\"uagb-ifb-title-wrap\"><span class=\"uagb-ifb-title-prefix\"><strong>Todo lo que necesitas para tu viaje a Tortuguero &#8211; en un solo lugar<\/strong><\/span><h2 class=\"uagb-ifb-title\"><strong>Aparcamiento, traslados en barco y excursiones, todo lo que necesitas para una visita tranquila y sin estr\u00e9s.<\/strong><\/h2><\/div><\/div><\/div><\/div>\n\n\n\n<p class=\"has-text-align-center has-luminous-vivid-amber-color has-text-color has-link-color has-medium-font-size wp-elements-305fe719a98722a1dadb786a24da74ab\">\u00a0<strong><a href=\"https:\/\/pavonaparking.com\/\" title=\"Parking\">Parking<\/a><\/strong>\u00a0| \u00a0<strong><a href=\"https:\/\/pavonaparking.com\/la-pavona-to-tortuguero-boat\" title=\"Boat Transfers\">Boat Transfers<\/a><\/strong>\u00a0| \u00a0<strong><a href=\"https:\/\/pavonaparking.com\/tours\/\" title=\"Tours\">Tours<\/a><\/strong><\/p>\n<\/div><\/div>\n","protected":false},"excerpt":{"rendered":"<p>&#8211; Emma L., Canad\u00e1<\/p>\n","protected":false},"author":1,"featured_media":0,"parent":0,"menu_order":0,"comment_status":"closed","ping_status":"closed","template":"","meta":{"_uag_custom_page_level_css":"","site-sidebar-layout":"no-sidebar","site-content-layout":"","ast-site-content-layout":"full-width-container","site-content-style":"default","site-sidebar-style":"default","ast-global-header-display":"","ast-banner-title-visibility":"","ast-main-header-display":"","ast-hfb-above-header-display":"","ast-hfb-below-header-display":"","ast-hfb-mobile-header-display":"","site-post-title":"disabled","ast-breadcrumbs-content":"","ast-featured-img":"","footer-sml-layout":"","ast-disable-related-posts":"","theme-transparent-header-meta":"enabled","adv-header-id-meta":"","stick-header-meta":"","header-above-stick-meta":"","header-main-stick-meta":"","header-below-stick-meta":"","astra-migrate-meta-layouts":"default","ast-page-background-enabled":"default","ast-page-background-meta":{"desktop":{"background-color":"var(--ast-global-color-4)","background-image":"","background-repeat":"repeat","background-position":"center center","background-size":"auto","background-attachment":"scroll","background-type":"","background-media":"","overlay-type":"","overlay-color":"","overlay-opacity":"","overlay-gradient":""},"tablet":{"background-color":"","background-image":"","background-repeat":"repeat","background-position":"center center","background-size":"auto","background-attachment":"scroll","background-type":"","background-media":"","overlay-type":"","overlay-color":"","overlay-opacity":"","overlay-gradient":""},"mobile":{"background-color":"","background-image":"","background-repeat":"repeat","background-position":"center center","background-size":"auto","background-attachment":"scroll","background-type":"","background-media":"","overlay-type":"","overlay-color":"","overlay-opacity":"","overlay-gradient":""}},"ast-content-background-meta":{"desktop":{"background-color":"var(--ast-global-color-5)","background-image":"","background-repeat":"repeat","background-position":"center center","background-size":"auto","background-attachment":"scroll","background-type":"","background-media":"","overlay-type":"","overlay-color":"","overlay-opacity":"","overlay-gradient":""},"tablet":{"background-color":"var(--ast-global-color-5)","background-image":"","background-repeat":"repeat","background-position":"center center","background-size":"auto","background-attachment":"scroll","background-type":"","background-media":"","overlay-type":"","overlay-color":"","overlay-opacity":"","overlay-gradient":""},"mobile":{"background-color":"var(--ast-global-color-5)","background-image":"","background-repeat":"repeat","background-position":"center center","background-size":"auto","background-attachment":"scroll","background-type":"","background-media":"","overlay-type":"","overlay-color":"","overlay-opacity":"","overlay-gradient":""}},"footnotes":""},"class_list":["post-794","page","type-page","status-publish","hentry"],"aioseo_notices":[],"uagb_featured_image_src":{"full":false,"thumbnail":false,"medium":false,"medium_large":false,"large":false,"1536x1536":false,"2048x2048":false},"uagb_author_info":{"display_name":"kayvalverde@gmail.com","author_link":"https:\/\/pavonaparking.com\/es\/author\/kayvalverdegmail-com\/"},"uagb_comment_info":0,"uagb_excerpt":"&#8211; Emma L., Canad\u00e1","_links":{"self":[{"href":"https:\/\/pavonaparking.com\/es\/wp-json\/wp\/v2\/pages\/794","targetHints":{"allow":["GET"]}}],"collection":[{"href":"https:\/\/pavonaparking.com\/es\/wp-json\/wp\/v2\/pages"}],"about":[{"href":"https:\/\/pavonaparking.com\/es\/wp-json\/wp\/v2\/types\/page"}],"author":[{"embeddable":true,"href":"https:\/\/pavonaparking.com\/es\/wp-json\/wp\/v2\/users\/1"}],"replies":[{"embeddable":true,"href":"https:\/\/pavonaparking.com\/es\/wp-json\/wp\/v2\/comments?post=794"}],"version-history":[{"count":1,"href":"https:\/\/pavonaparking.com\/es\/wp-json\/wp\/v2\/pages\/794\/revisions"}],"predecessor-version":[{"id":795,"href":"https:\/\/pavonaparking.com\/es\/wp-json\/wp\/v2\/pages\/794\/revisions\/795"}],"wp:attachment":[{"href":"https:\/\/pavonaparking.com\/es\/wp-json\/wp\/v2\/media?parent=794"}],"curies":[{"name":"wp","href":"https:\/\/api.w.org\/{rel}","templated":true}]}}