{"id":817,"date":"2025-06-03T12:27:20","date_gmt":"2025-06-03T12:27:20","guid":{"rendered":"https:\/\/pavonaparking.com\/parking\/"},"modified":"2026-02-13T03:58:16","modified_gmt":"2026-02-13T03:58:16","slug":"parking","status":"publish","type":"page","link":"https:\/\/pavonaparking.com\/fr\/","title":{"rendered":"Parking"},"content":{"rendered":"\n<div class=\"wp-block-uagb-container uagb-block-cd08ac4c alignfull uagb-is-root-container\"><div class=\"uagb-container-inner-blocks-wrap\">\n<div class=\"wp-block-uagb-info-box uagb-block-1cbb6637 uagb-infobox__content-wrap  uagb-infobox-icon-above-title uagb-infobox-image-valign-top wp-block-uagb-info-box--has-margin\"><div class=\"uagb-infobox-margin-wrapper\"><div class=\"uagb-ifb-content\"><div class=\"uagb-ifb-title-wrap\"><p class=\"uagb-ifb-title-prefix\">Parking officiel au quai de La Pavona<\/p><h1 class=\"uagb-ifb-title\">Parking s\u00e9curis\u00e9 \u00e0 La Pavona pour les visiteurs de Tortuguero <\/h1><\/div><div class=\"uagb-ifb-button-wrapper wp-block-button\"><a href=\"https:\/\/book.peek.com\/s\/0de9be3e-e573-4559-8890-756e5fa8648a\/XRE6X\" class=\"uagb-infobox-cta-link wp-block-button__link\" target=\"_blank\" rel=\"noopener noreferrer\" onclick=\"return true;\"><span class=\"uagb-inline-editing\">ASSUREZ VOTRE PARKING ICI<\/span><\/a><\/div><\/div><\/div><\/div>\n\n\n\n<h2 class=\"wp-block-heading has-text-align-center has-white-color has-text-color has-link-color has-medium-font-size wp-elements-c84e04a3eb6f56a3da4773a075617ec6\" style=\"margin-top:10px\">La fa\u00e7on la plus s\u00fbre de se garer et de voyager. <br\/>R\u00e9servez votre place de parking s\u00e9curis\u00e9e et vos billets de bateau pour Tortuguero au m\u00eame endroit<\/h2>\n<\/div><\/div>\n\n<hr class=\"wp-block-separator has-alpha-channel-opacity is-style-default\" style=\"margin-top:10px\"\/>\n\n<div class=\"wp-block-uagb-container uagb-block-483a92cd alignfull uagb-is-root-container\"><div class=\"uagb-container-inner-blocks-wrap\">\n<div class=\"wp-block-uagb-container uagb-block-4b1402aa\">\n<h2 class=\"wp-block-heading\">Parking s\u00e9curis\u00e9 au <br\/>quai de La Pavona<\/h2>\n\n\n\n<p>La mani\u00e8re la plus pratique de stationner votre v\u00e9hicule pendant que vous explorez Tortuguero.<br\/><br\/>\ud83d\udee1\ufe0f <strong>S\u00e9curit\u00e9 totale :<\/strong> personnel sur place 24 h\/24 et 7 j\/7, cl\u00f4ture p\u00e9rim\u00e9trique et cam\u00e9ras surveill\u00e9es.<br\/>\ud83d\udccd <strong>Emplacement id\u00e9al :<\/strong> situ\u00e9 exactement au quai de La Pavona pour un acc\u00e8s imm\u00e9diat au bateau.<br\/>\ud83d\ude97 <strong>Options de stationnement :<\/strong> places couvertes et non couvertes disponibles.<br\/>\ud83c\udf92 <strong>Assistance compl\u00e8te :<\/strong> nous vous aidons avec vos bagages et vous guidons vers le bon bateau.<br\/>\ud83d\udebb <strong>Services sur place :<\/strong> toilettes propres et restaurant disponibles pendant l\u2019attente.<br\/><br\/><strong>Tarifs journaliers simples &amp; r\u00e9servation instantan\u00e9e<\/strong> Que vous veniez pour une excursion \u00e0 la journ\u00e9e ou pour une nuit, votre voiture reste entre des mains professionnelles. Ne prenez pas de risque avec un stationnement non officiel dans la rue ; choisissez l\u2019\u00e9tablissement de confiance \u00e0 La Pavona. <\/p>\n<\/div>\n\n\n\n<div class=\"wp-block-uagb-container uagb-block-1e7d4779\">\n<div class=\"wp-block-uagb-image alignleft uagb-block-b14d98aa wp-block-uagb-image--layout-default wp-block-uagb-image--effect-static wp-block-uagb-image--align-left aligncenter\"><figure class=\"wp-block-uagb-image__figure\"><img decoding=\"async\" srcset=\"https:\/\/pavonaparking.com\/wp-content\/uploads\/2025\/06\/1748962912782-1024x683.jpg ,https:\/\/pavonaparking.com\/wp-content\/uploads\/2025\/06\/1748962912782-e1748974572681.jpg 780w, https:\/\/pavonaparking.com\/wp-content\/uploads\/2025\/06\/1748962912782-e1748974572681.jpg 360w\" sizes=\"auto, (max-width: 480px) 150px\" src=\"https:\/\/pavonaparking.com\/wp-content\/uploads\/2025\/06\/1748962912782-1024x683.jpg\" alt=\"\" class=\"uag-image-563\" width=\"1024\" height=\"683\" title=\"1748962912782\" loading=\"lazy\" role=\"img\"><\/figure><\/div>\n<\/div>\n<\/div><\/div>\n\n<div class=\"wp-block-uagb-container uagb-block-4cd6ad04 alignfull uagb-is-root-container\"><div class=\"uagb-container-inner-blocks-wrap\">\n<div class=\"wp-block-uagb-advanced-heading uagb-block-f9651312\"><h2 class=\"uagb-heading-text\">Vous planifiez votre voyage ?<\/h2><\/div>\n\n\n\n<p class=\"has-text-align-center has-medium-font-size\" style=\"margin-top:0;margin-bottom:0\">V\u00e9rifiez les d\u00e9parts des bateaux publics pour Tortuguero afin d&rsquo;arriver \u00e0 l&rsquo;heure.<\/p>\n\n\n\n<p class=\"has-text-align-center has-medium-font-size\">\ud83d\udc49 Consultez les horaires ici :<a href=\"https:\/\/pavonaparking.com\/fr\/bateau-la-pavona-tortuguero\/\" title=\"Transferts en bateau\"> <\/a><a href=\"https:\/\/pavonaparking.com\/fr\/bateau-la-pavona-tortuguero\/\" title=\"Bateau public\">Transferts en bateau<\/a><\/p>\n<\/div><\/div>\n\n<div id=\"preguntas-seguridad\" class=\"wp-block-uagb-container uagb-block-159c9e0d alignfull uagb-is-root-container\"><div class=\"uagb-container-inner-blocks-wrap\">\n<div class=\"wp-block-uagb-advanced-heading uagb-block-4e73d433\"><h2 class=\"uagb-heading-text\">Parking Pavona &#8211; FAQs<\/h2><\/div>\n<\/div><\/div>\n<div class=\"wp-block-uagb-faq uagb-faq__outer-wrap uagb-block-14190282 uagb-faq-icon-row uagb-faq-layout-accordion uagb-faq-expand-first-true uagb-faq-inactive-other-true uagb-faq__wrap uagb-buttons-layout-wrap uagb-faq-equal-height     \" data-faqtoggle=\"true\" role=\"tablist\"><div class=\"wp-block-uagb-faq-child uagb-faq-child__outer-wrap uagb-faq-item uagb-block-ad2422a4 \" role=\"tab\" tabindex=\"0\"><div class=\"uagb-faq-questions-button uagb-faq-questions\">\t\t\t<span class=\"uagb-icon uagb-faq-icon-wrap\">\n\t\t\t\t\t\t\t\t<svg xmlns=\"https:\/\/www.w3.org\/2000\/svg\" viewBox= \"0 0 448 512\"><path d=\"M432 256c0 17.69-14.33 32.01-32 32.01H256v144c0 17.69-14.33 31.99-32 31.99s-32-14.3-32-31.99v-144H48c-17.67 0-32-14.32-32-32.01s14.33-31.99 32-31.99H192v-144c0-17.69 14.33-32.01 32-32.01s32 14.32 32 32.01v144h144C417.7 224 432 238.3 432 256z\"><\/path><\/svg>\n\t\t\t\t\t\t\t<\/span>\n\t\t\t\t\t\t<span class=\"uagb-icon-active uagb-faq-icon-wrap\">\n\t\t\t\t\t\t\t\t<svg xmlns=\"https:\/\/www.w3.org\/2000\/svg\" viewBox= \"0 0 448 512\"><path d=\"M400 288h-352c-17.69 0-32-14.32-32-32.01s14.31-31.99 32-31.99h352c17.69 0 32 14.3 32 31.99S417.7 288 400 288z\"><\/path><\/svg>\n\t\t\t\t\t\t\t<\/span>\n\t\t\t<span class=\"uagb-question\">Existe-t-il un parking s\u00e9curis\u00e9 \u00e0 La Pavona pour Tortuguero ?<\/span><\/div><div class=\"uagb-faq-content\"><p>Oui. <strong>Pavona Parking<\/strong> propose l\u2019\u00e9tablissement le plus s\u00e9curis\u00e9 au quai de La Pavona. Notre parking dispose d\u2019un p\u00e9rim\u00e8tre enti\u00e8rement cl\u00f4tur\u00e9, d\u2019un service de s\u00e9curit\u00e9 sur place 24 h\/24 et 7 j\/7 et de cam\u00e9ras de surveillance contr\u00f4l\u00e9es. C\u2019est le choix de confiance des voyageurs qui laissent leur v\u00e9hicule pour une nuit ou plusieurs.  <\/p><\/div><\/div><div class=\"wp-block-uagb-faq-child uagb-faq-child__outer-wrap uagb-faq-item uagb-block-836f7fbc \" role=\"tab\" tabindex=\"0\"><div class=\"uagb-faq-questions-button uagb-faq-questions\">\t\t\t<span class=\"uagb-icon uagb-faq-icon-wrap\">\n\t\t\t\t\t\t\t\t<svg xmlns=\"https:\/\/www.w3.org\/2000\/svg\" viewBox= \"0 0 448 512\"><path d=\"M432 256c0 17.69-14.33 32.01-32 32.01H256v144c0 17.69-14.33 31.99-32 31.99s-32-14.3-32-31.99v-144H48c-17.67 0-32-14.32-32-32.01s14.33-31.99 32-31.99H192v-144c0-17.69 14.33-32.01 32-32.01s32 14.32 32 32.01v144h144C417.7 224 432 238.3 432 256z\"><\/path><\/svg>\n\t\t\t\t\t\t\t<\/span>\n\t\t\t\t\t\t<span class=\"uagb-icon-active uagb-faq-icon-wrap\">\n\t\t\t\t\t\t\t\t<svg xmlns=\"https:\/\/www.w3.org\/2000\/svg\" viewBox= \"0 0 448 512\"><path d=\"M400 288h-352c-17.69 0-32-14.32-32-32.01s14.31-31.99 32-31.99h352c17.69 0 32 14.3 32 31.99S417.7 288 400 288z\"><\/path><\/svg>\n\t\t\t\t\t\t\t<\/span>\n\t\t\t<span class=\"uagb-question\">Combien co\u00fbte le stationnement au quai de La Pavona ?<\/span><\/div><div class=\"uagb-faq-content\"><p>Nous proposons des tarifs journaliers comp\u00e9titifs (23,00 $ US par nuit + taxes). Pour le meilleur rapport qualit\u00e9-prix, nous recommandons de r\u00e9server notre <strong>formule Bateau + Parking<\/strong>, qui garantit votre place et simplifie votre arriv\u00e9e au quai. <\/p><\/div><\/div><div class=\"wp-block-uagb-faq-child uagb-faq-child__outer-wrap uagb-faq-item uagb-block-c6b8f6a9 \" role=\"tab\" tabindex=\"0\"><div class=\"uagb-faq-questions-button uagb-faq-questions\">\t\t\t<span class=\"uagb-icon uagb-faq-icon-wrap\">\n\t\t\t\t\t\t\t\t<svg xmlns=\"https:\/\/www.w3.org\/2000\/svg\" viewBox= \"0 0 448 512\"><path d=\"M432 256c0 17.69-14.33 32.01-32 32.01H256v144c0 17.69-14.33 31.99-32 31.99s-32-14.3-32-31.99v-144H48c-17.67 0-32-14.32-32-32.01s14.33-31.99 32-31.99H192v-144c0-17.69 14.33-32.01 32-32.01s32 14.32 32 32.01v144h144C417.7 224 432 238.3 432 256z\"><\/path><\/svg>\n\t\t\t\t\t\t\t<\/span>\n\t\t\t\t\t\t<span class=\"uagb-icon-active uagb-faq-icon-wrap\">\n\t\t\t\t\t\t\t\t<svg xmlns=\"https:\/\/www.w3.org\/2000\/svg\" viewBox= \"0 0 448 512\"><path d=\"M400 288h-352c-17.69 0-32-14.32-32-32.01s14.31-31.99 32-31.99h352c17.69 0 32 14.3 32 31.99S417.7 288 400 288z\"><\/path><\/svg>\n\t\t\t\t\t\t\t<\/span>\n\t\t\t<span class=\"uagb-question\">Dois-je r\u00e9server une place de parking \u00e0 l\u2019avance ?<\/span><\/div><div class=\"uagb-faq-content\"><p>Bien que nous acceptions les arriv\u00e9es sans r\u00e9servation, il est fortement recommand\u00e9 de r\u00e9server \u00e0 l\u2019avance sur <strong>pavonaparking.com<\/strong>, en particulier en haute saison. Une r\u00e9servation garantit une place et un enregistrement plus rapide, afin de ne pas manquer le d\u00e9part de votre bateau pour Tortuguero. <\/p><\/div><\/div><div class=\"wp-block-uagb-faq-child uagb-faq-child__outer-wrap uagb-faq-item uagb-block-522e22f4 \" role=\"tab\" tabindex=\"0\"><div class=\"uagb-faq-questions-button uagb-faq-questions\">\t\t\t<span class=\"uagb-icon uagb-faq-icon-wrap\">\n\t\t\t\t\t\t\t\t<svg xmlns=\"https:\/\/www.w3.org\/2000\/svg\" viewBox= \"0 0 448 512\"><path d=\"M432 256c0 17.69-14.33 32.01-32 32.01H256v144c0 17.69-14.33 31.99-32 31.99s-32-14.3-32-31.99v-144H48c-17.67 0-32-14.32-32-32.01s14.33-31.99 32-31.99H192v-144c0-17.69 14.33-32.01 32-32.01s32 14.32 32 32.01v144h144C417.7 224 432 238.3 432 256z\"><\/path><\/svg>\n\t\t\t\t\t\t\t<\/span>\n\t\t\t\t\t\t<span class=\"uagb-icon-active uagb-faq-icon-wrap\">\n\t\t\t\t\t\t\t\t<svg xmlns=\"https:\/\/www.w3.org\/2000\/svg\" viewBox= \"0 0 448 512\"><path d=\"M400 288h-352c-17.69 0-32-14.32-32-32.01s14.31-31.99 32-31.99h352c17.69 0 32 14.3 32 31.99S417.7 288 400 288z\"><\/path><\/svg>\n\t\t\t\t\t\t\t<\/span>\n\t\t\t<span class=\"uagb-question\">\u00c0 quelle heure dois-je arriver avant le d\u00e9part de mon bateau ?<\/span><\/div><div class=\"uagb-faq-content\"><p>Nous vous recommandons d&rsquo;arriver <strong>30 \u00e0 45 minutes avant le d\u00e9part<\/strong>, surtout si vous avez des bagages ou si vous voyagez en haute saison.<\/p><\/div><\/div><div class=\"wp-block-uagb-faq-child uagb-faq-child__outer-wrap uagb-faq-item uagb-block-43dc7c18 \" role=\"tab\" tabindex=\"0\"><div class=\"uagb-faq-questions-button uagb-faq-questions\">\t\t\t<span class=\"uagb-icon uagb-faq-icon-wrap\">\n\t\t\t\t\t\t\t\t<svg xmlns=\"https:\/\/www.w3.org\/2000\/svg\" viewBox= \"0 0 448 512\"><path d=\"M432 256c0 17.69-14.33 32.01-32 32.01H256v144c0 17.69-14.33 31.99-32 31.99s-32-14.3-32-31.99v-144H48c-17.67 0-32-14.32-32-32.01s14.33-31.99 32-31.99H192v-144c0-17.69 14.33-32.01 32-32.01s32 14.32 32 32.01v144h144C417.7 224 432 238.3 432 256z\"><\/path><\/svg>\n\t\t\t\t\t\t\t<\/span>\n\t\t\t\t\t\t<span class=\"uagb-icon-active uagb-faq-icon-wrap\">\n\t\t\t\t\t\t\t\t<svg xmlns=\"https:\/\/www.w3.org\/2000\/svg\" viewBox= \"0 0 448 512\"><path d=\"M400 288h-352c-17.69 0-32-14.32-32-32.01s14.31-31.99 32-31.99h352c17.69 0 32 14.3 32 31.99S417.7 288 400 288z\"><\/path><\/svg>\n\t\t\t\t\t\t\t<\/span>\n\t\t\t<span class=\"uagb-question\">\u00c0 quelle distance le parking se trouve-t-il du bateau pour Tortuguero ?<\/span><\/div><div class=\"uagb-faq-content\"><p>Notre \u00e9tablissement est situ\u00e9 <strong>directement au quai de La Pavona<\/strong>. Vous n\u2019aurez pas besoin de navette ; une fois gar\u00e9 dans notre zone s\u00e9curis\u00e9e, l\u2019embarquement n\u2019est qu\u2019\u00e0 quelques pas. <\/p><\/div><\/div><div class=\"wp-block-uagb-faq-child uagb-faq-child__outer-wrap uagb-faq-item uagb-block-19a01e68 \" role=\"tab\" tabindex=\"0\"><div class=\"uagb-faq-questions-button uagb-faq-questions\">\t\t\t<span class=\"uagb-icon uagb-faq-icon-wrap\">\n\t\t\t\t\t\t\t\t<svg xmlns=\"https:\/\/www.w3.org\/2000\/svg\" viewBox= \"0 0 448 512\"><path d=\"M432 256c0 17.69-14.33 32.01-32 32.01H256v144c0 17.69-14.33 31.99-32 31.99s-32-14.3-32-31.99v-144H48c-17.67 0-32-14.32-32-32.01s14.33-31.99 32-31.99H192v-144c0-17.69 14.33-32.01 32-32.01s32 14.32 32 32.01v144h144C417.7 224 432 238.3 432 256z\"><\/path><\/svg>\n\t\t\t\t\t\t\t<\/span>\n\t\t\t\t\t\t<span class=\"uagb-icon-active uagb-faq-icon-wrap\">\n\t\t\t\t\t\t\t\t<svg xmlns=\"https:\/\/www.w3.org\/2000\/svg\" viewBox= \"0 0 448 512\"><path d=\"M400 288h-352c-17.69 0-32-14.32-32-32.01s14.31-31.99 32-31.99h352c17.69 0 32 14.3 32 31.99S417.7 288 400 288z\"><\/path><\/svg>\n\t\t\t\t\t\t\t<\/span>\n\t\t\t<span class=\"uagb-question\">Puis-je acheter des billets de bateau au parking ?<\/span><\/div><div class=\"uagb-faq-content\"><p>Oui, mais nous recommandons de r\u00e9server en ligne sur pavonaparking.com notre <strong>formule Bateau + Parking<\/strong>. Cela garantit \u00e0 la fois votre place de parking et votre si\u00e8ge sur le bateau, en vous faisant gagner du temps et en r\u00e9duisant le stress \u00e0 l\u2019arriv\u00e9e. <\/p><\/div><\/div><\/div>\n<div class=\"wp-block-columns is-layout-flex wp-container-core-columns-is-layout-28f84493 wp-block-columns-is-layout-flex\">\n<div class=\"wp-block-column is-layout-flow wp-block-column-is-layout-flow\" style=\"flex-basis:100%\">\n<div class=\"wp-block-uagb-container uagb-block-0d6e6fa5 alignfull uagb-is-root-container\"><div class=\"uagb-container-inner-blocks-wrap\">\n<div class=\"wp-block-uagb-info-box uagb-block-a3aa2356 uagb-infobox__content-wrap  uagb-infobox-icon-above-title uagb-infobox-image-valign-top wp-block-uagb-info-box--has-margin\"><div class=\"uagb-infobox-margin-wrapper\"><div class=\"uagb-ifb-content\"><div class=\"uagb-ifb-title-wrap\"><span class=\"uagb-ifb-title-prefix\"><strong>Tout ce dont vous avez besoin pour votre voyage \u00e0 Tortuguero &#8211; en un seul endroit<\/strong><\/span><h2 class=\"uagb-ifb-title\"><strong>Parking, transferts en bateau et excursions, tout ce dont vous avez besoin pour une visite en douceur et sans stress.<\/strong><\/h2><\/div><\/div><\/div><\/div>\n\n\n\n<p class=\"has-text-align-center has-luminous-vivid-amber-color has-text-color has-link-color has-medium-font-size wp-elements-305fe719a98722a1dadb786a24da74ab\">\u00a0<strong><a href=\"https:\/\/pavonaparking.com\/\" title=\"Parking\">Parking<\/a><\/strong>\u00a0| \u00a0<strong><a href=\"https:\/\/pavonaparking.com\/la-pavona-to-tortuguero-boat\" title=\"Boat Transfers\">Boat Transfers<\/a><\/strong>\u00a0| \u00a0<strong><a href=\"https:\/\/pavonaparking.com\/tours\/\" title=\"Tours\">Tours<\/a><\/strong><\/p>\n<\/div><\/div>\n<\/div>\n<\/div>\n","protected":false},"excerpt":{"rendered":"<p>La fa\u00e7on la plus s\u00fbre de se garer et de voyager. R\u00e9servez votre place de parking s\u00e9curis\u00e9e et vos billets [&hellip;]<\/p>\n","protected":false},"author":1,"featured_media":746,"parent":0,"menu_order":0,"comment_status":"closed","ping_status":"closed","template":"","meta":{"_uag_custom_page_level_css":"","site-sidebar-layout":"default","site-content-layout":"","ast-site-content-layout":"full-width-container","site-content-style":"default","site-sidebar-style":"default","ast-global-header-display":"","ast-banner-title-visibility":"","ast-main-header-display":"","ast-hfb-above-header-display":"","ast-hfb-below-header-display":"","ast-hfb-mobile-header-display":"","site-post-title":"disabled","ast-breadcrumbs-content":"","ast-featured-img":"disabled","footer-sml-layout":"","ast-disable-related-posts":"","theme-transparent-header-meta":"enabled","adv-header-id-meta":"","stick-header-meta":"","header-above-stick-meta":"","header-main-stick-meta":"","header-below-stick-meta":"","astra-migrate-meta-layouts":"default","ast-page-background-enabled":"default","ast-page-background-meta":{"desktop":{"background-color":"var(--ast-global-color-4)","background-image":"","background-repeat":"repeat","background-position":"center center","background-size":"auto","background-attachment":"scroll","background-type":"","background-media":"","overlay-type":"","overlay-color":"","overlay-opacity":"","overlay-gradient":""},"tablet":{"background-color":"","background-image":"","background-repeat":"repeat","background-position":"center center","background-size":"auto","background-attachment":"scroll","background-type":"","background-media":"","overlay-type":"","overlay-color":"","overlay-opacity":"","overlay-gradient":""},"mobile":{"background-color":"","background-image":"","background-repeat":"repeat","background-position":"center center","background-size":"auto","background-attachment":"scroll","background-type":"","background-media":"","overlay-type":"","overlay-color":"","overlay-opacity":"","overlay-gradient":""}},"ast-content-background-meta":{"desktop":{"background-color":"var(--ast-global-color-5)","background-image":"","background-repeat":"repeat","background-position":"center center","background-size":"auto","background-attachment":"scroll","background-type":"","background-media":"","overlay-type":"","overlay-color":"","overlay-opacity":"","overlay-gradient":""},"tablet":{"background-color":"var(--ast-global-color-5)","background-image":"","background-repeat":"repeat","background-position":"center center","background-size":"auto","background-attachment":"scroll","background-type":"","background-media":"","overlay-type":"","overlay-color":"","overlay-opacity":"","overlay-gradient":""},"mobile":{"background-color":"var(--ast-global-color-5)","background-image":"","background-repeat":"repeat","background-position":"center center","background-size":"auto","background-attachment":"scroll","background-type":"","background-media":"","overlay-type":"","overlay-color":"","overlay-opacity":"","overlay-gradient":""}},"footnotes":""},"class_list":["post-817","page","type-page","status-publish","has-post-thumbnail","hentry"],"aioseo_notices":[],"uagb_featured_image_src":{"full":["https:\/\/pavonaparking.com\/wp-content\/uploads\/2025\/06\/1748962912782-e1748974572681.jpg",706,800,false],"thumbnail":["https:\/\/pavonaparking.com\/wp-content\/uploads\/2025\/06\/1748962912782-e1748974572681-150x150.jpg",150,150,true],"medium":["https:\/\/pavonaparking.com\/wp-content\/uploads\/2025\/06\/1748962912782-e1748974572681-265x300.jpg",265,300,true],"medium_large":["https:\/\/pavonaparking.com\/wp-content\/uploads\/2025\/06\/1748962912782-768x512.jpg",768,512,true],"large":["https:\/\/pavonaparking.com\/wp-content\/uploads\/2025\/06\/1748962912782-1024x683.jpg",1024,683,true],"1536x1536":["https:\/\/pavonaparking.com\/wp-content\/uploads\/2025\/06\/1748962912782-e1748974572681.jpg",706,800,false],"2048x2048":["https:\/\/pavonaparking.com\/wp-content\/uploads\/2025\/06\/1748962912782-e1748974572681.jpg",706,800,false]},"uagb_author_info":{"display_name":"kayvalverde@gmail.com","author_link":"https:\/\/pavonaparking.com\/fr\/author\/kayvalverdegmail-com\/"},"uagb_comment_info":0,"uagb_excerpt":"La fa\u00e7on la plus s\u00fbre de se garer et de voyager. R\u00e9servez votre place de parking s\u00e9curis\u00e9e et vos billets [&hellip;]","_links":{"self":[{"href":"https:\/\/pavonaparking.com\/fr\/wp-json\/wp\/v2\/pages\/817","targetHints":{"allow":["GET"]}}],"collection":[{"href":"https:\/\/pavonaparking.com\/fr\/wp-json\/wp\/v2\/pages"}],"about":[{"href":"https:\/\/pavonaparking.com\/fr\/wp-json\/wp\/v2\/types\/page"}],"author":[{"embeddable":true,"href":"https:\/\/pavonaparking.com\/fr\/wp-json\/wp\/v2\/users\/1"}],"replies":[{"embeddable":true,"href":"https:\/\/pavonaparking.com\/fr\/wp-json\/wp\/v2\/comments?post=817"}],"version-history":[{"count":8,"href":"https:\/\/pavonaparking.com\/fr\/wp-json\/wp\/v2\/pages\/817\/revisions"}],"predecessor-version":[{"id":1071,"href":"https:\/\/pavonaparking.com\/fr\/wp-json\/wp\/v2\/pages\/817\/revisions\/1071"}],"wp:featuredmedia":[{"embeddable":true,"href":"https:\/\/pavonaparking.com\/fr\/wp-json\/wp\/v2\/media\/746"}],"wp:attachment":[{"href":"https:\/\/pavonaparking.com\/fr\/wp-json\/wp\/v2\/media?parent=817"}],"curies":[{"name":"wp","href":"https:\/\/api.w.org\/{rel}","templated":true}]}}