{"id":821,"date":"2025-06-03T12:27:20","date_gmt":"2025-06-03T12:27:20","guid":{"rendered":"https:\/\/pavonaparking.com\/les-visites-guidees\/"},"modified":"2025-07-06T17:31:36","modified_gmt":"2025-07-06T17:31:36","slug":"les-visites-guidees","status":"publish","type":"page","link":"https:\/\/pavonaparking.com\/fr\/les-visites-guidees\/","title":{"rendered":"Les visites guid\u00e9es"},"content":{"rendered":"\n<div class=\"wp-block-uagb-container uag-blocks-common-selector uagb-block-7024acc2 alignfull uagb-is-root-container\"><div class=\"uagb-container-inner-blocks-wrap\">\n<div class=\"wp-block-uagb-info-box uagb-block-45be0f1e uagb-infobox__content-wrap  uagb-infobox-icon-above-title uagb-infobox-image-valign-top wp-block-uagb-info-box--has-margin\"><div class=\"uagb-infobox-margin-wrapper\"><div class=\"uagb-ifb-content\"><div class=\"uagb-ifb-title-wrap\"><span class=\"uagb-ifb-title-prefix\">circuits et exp\u00e9riences<\/span><h1 class=\"uagb-ifb-title\">Explorez Tortuguero avec les meilleurs circuits locaux<\/h1><\/div><\/div><\/div><\/div>\n<\/div><\/div>\n\n<div class=\"wp-block-uagb-container uagb-block-7449c9bf alignfull uagb-is-root-container\"><div class=\"uagb-container-inner-blocks-wrap\">\n<div class=\"wp-block-uagb-container uag-blocks-common-selector uagb-block-30b178af\">\n<div class=\"wp-block-uagb-container uagb-block-e08d2ba7\">\n<div class=\"wp-block-uagb-info-box uagb-block-cb1e2609 uagb-infobox__content-wrap  uagb-infobox-icon-above-title uagb-infobox-image-valign-top wp-block-uagb-info-box--has-margin\"><div class=\"uagb-infobox-margin-wrapper\"><div class=\"uagb-ifb-content\"><div class=\"uagb-ifb-title-wrap\"><span class=\"uagb-ifb-title-prefix\"><strong>LE COUP DE C\u0152UR DU VOYAGEUR<\/strong><\/span><h2 class=\"uagb-ifb-title\">Explorez les canaux de Tortuguero<\/h2><\/div><p class=\"uagb-ifb-desc\">D\u00e9couvrez la magie du parc national de Tortuguero lors d&rsquo;une visite guid\u00e9e \u00e0 travers ses canaux pittoresques &#8211; la meilleure fa\u00e7on d&rsquo;observer la faune dans son habitat naturel. Men\u00e9es par des guides locaux certifi\u00e9s, ces visites ont lieu t\u00f4t le matin, lorsque la for\u00eat tropicale est la plus vivante avec ses oiseaux, ses singes, ses paresseux et bien plus encore.<br\/>Choisissez entre le cano\u00eb, le kayak ou le bateau \u00e0 moteur en fonction de votre style et de votre confort. C&rsquo;est notre exp\u00e9rience la plus populaire et la plus recommand\u00e9e. Elle est parfaite pour les amoureux de la nature, les photographes et les personnes qui visitent la r\u00e9gion pour la premi\u00e8re fois.  <\/p><\/div><\/div><\/div>\n\n\n\n<div style=\"height:10px\" aria-hidden=\"true\" class=\"wp-block-spacer\"><\/div>\n\n\n\n<div class=\"wp-block-buttons is-layout-flex wp-block-buttons-is-layout-flex\">\n<div class=\"wp-block-button\"><a class=\"wp-block-button__link wp-element-button\">R\u00e9servez votre visite maintenant<\/a><\/div>\n<\/div>\n<\/div>\n\n\n\n<div class=\"wp-block-uagb-container uagb-block-fa9be21e\">\n<div class=\"wp-block-uagb-image alignleft uagb-block-624b89c7 wp-block-uagb-image--layout-default wp-block-uagb-image--effect-static wp-block-uagb-image--align-left\"><figure class=\"wp-block-uagb-image__figure\"><img decoding=\"async\" srcset=\"https:\/\/pavonaparking.com\/wp-content\/uploads\/2025\/06\/Canoa.jpg ,https:\/\/pavonaparking.com\/wp-content\/uploads\/2025\/06\/Canoa.jpg 780w, https:\/\/pavonaparking.com\/wp-content\/uploads\/2025\/06\/Canoa.jpg 360w\" sizes=\"auto, (max-width: 480px) 150px\" src=\"https:\/\/pavonaparking.com\/wp-content\/uploads\/2025\/06\/Canoa.jpg\" alt=\"\" class=\"uag-image-629\" width=\"600\" height=\"464\" title=\"Canoa\" loading=\"lazy\" role=\"img\"><\/figure><\/div>\n<\/div>\n<\/div>\n\n\n\n<div class=\"wp-block-uagb-container uagb-block-947592b1 alignfull uagb-is-root-container\"><div class=\"uagb-container-inner-blocks-wrap\">\n<div class=\"wp-block-uagb-container uagb-block-5e41bb9d\">\n<div class=\"wp-block-uagb-image alignleft uagb-block-6f3129d4 wp-block-uagb-image--layout-default wp-block-uagb-image--effect-static wp-block-uagb-image--align-left\"><figure class=\"wp-block-uagb-image__figure\"><img decoding=\"async\" srcset=\"https:\/\/pavonaparking.com\/wp-content\/uploads\/2025\/06\/Cerro76.jpg ,https:\/\/pavonaparking.com\/wp-content\/uploads\/2025\/06\/Cerro76.jpg 780w, https:\/\/pavonaparking.com\/wp-content\/uploads\/2025\/06\/Cerro76.jpg 360w\" sizes=\"auto, (max-width: 480px) 150px\" src=\"https:\/\/pavonaparking.com\/wp-content\/uploads\/2025\/06\/Cerro76.jpg\" alt=\"\" class=\"uag-image-657\" width=\"492\" height=\"464\" title=\"Cerro76\" loading=\"lazy\" role=\"img\"><\/figure><\/div>\n<\/div>\n\n\n\n<div class=\"wp-block-uagb-container uagb-block-9a73b9d6\">\n<div class=\"wp-block-uagb-info-box uagb-block-c2081357 uagb-infobox__content-wrap  uagb-infobox-icon-above-title uagb-infobox-image-valign-top wp-block-uagb-info-box--has-margin\"><div class=\"uagb-infobox-margin-wrapper\"><div class=\"uagb-ifb-content\"><div class=\"uagb-ifb-title-wrap\"><span class=\"uagb-ifb-title-prefix\">Explorez la for\u00eat tropicale \u00e0 pied<\/span><h2 class=\"uagb-ifb-title\">Promenades guid\u00e9es dans la nature \u00e0 Tortuguero<\/h2><\/div><p class=\"uagb-ifb-desc\">Explorez la for\u00eat tropicale de Tortuguero \u00e0 pied avec un guide certifi\u00e9. Marchez sur la <strong>piste des jaguars<\/strong> dans le parc national ou montez sur le <strong>Cerro Tortuguero<\/strong> pour profiter de vues imprenables.<br\/>Ces excursions permettent d&rsquo;observer de plus pr\u00e8s les plantes et les animaux de la r\u00e9gion. Elles sont parfaites pour les amoureux de la nature qui souhaitent d\u00e9couvrir la jungle \u00e0 un rythme plus lent. <\/p><\/div><\/div><\/div>\n\n\n\n<div class=\"wp-block-buttons is-layout-flex wp-block-buttons-is-layout-flex\">\n<div class=\"wp-block-button\"><a class=\"wp-block-button__link wp-element-button\">R\u00e9servez des promenades guid\u00e9es<\/a><\/div>\n<\/div>\n<\/div>\n<\/div><\/div>\n\n\n\n<div class=\"wp-block-uagb-container uagb-block-706afc9c alignfull uagb-is-root-container\"><div class=\"uagb-container-inner-blocks-wrap\">\n<div class=\"wp-block-uagb-container uagb-block-f7b650f5\">\n<div class=\"wp-block-uagb-info-box uagb-block-4853bff0 uagb-infobox__content-wrap  uagb-infobox-icon-above-title uagb-infobox-image-valign-top wp-block-uagb-info-box--has-margin\"><div class=\"uagb-infobox-margin-wrapper\"><div class=\"uagb-ifb-content\"><div class=\"uagb-ifb-title-wrap\"><span class=\"uagb-ifb-title-prefix\">Voyez la jungle s&rsquo;animer la nuit<\/span><h2 class=\"uagb-ifb-title\">Promenade nocturne dans la for\u00eat tropicale<\/h2><\/div><p class=\"uagb-ifb-desc\">Au coucher du soleil, un autre aspect de Tortuguero s&rsquo;\u00e9veille. Participez \u00e0 une promenade nocturne guid\u00e9e pour rep\u00e9rer des grenouilles, des insectes, des reptiles et d&rsquo;autres animaux nocturnes rarement observ\u00e9s pendant la journ\u00e9e.<br\/>Dirig\u00e9e par un naturaliste exp\u00e9riment\u00e9, cette excursion r\u00e9v\u00e8le les sons et les surprises de la jungle apr\u00e8s la tomb\u00e9e de la nuit &#8211; un must pour les voyageurs curieux et les amoureux de la vie sauvage. <\/p><\/div><\/div><\/div>\n\n\n\n<div class=\"wp-block-buttons is-layout-flex wp-block-buttons-is-layout-flex\">\n<div class=\"wp-block-button\"><a class=\"wp-block-button__link wp-element-button\">r\u00e9servez la visite nocturne<\/a><\/div>\n<\/div>\n<\/div>\n\n\n\n<div class=\"wp-block-uagb-container uagb-block-482c24a8\">\n<div class=\"wp-block-uagb-image alignleft uagb-block-63ffd992 wp-block-uagb-image--layout-default wp-block-uagb-image--effect-static wp-block-uagb-image--align-left\"><figure class=\"wp-block-uagb-image__figure\"><img decoding=\"async\" srcset=\"https:\/\/pavonaparking.com\/wp-content\/uploads\/2025\/06\/manuel-antonio-night-walk-1-1024x683.jpg.webp.webp ,https:\/\/pavonaparking.com\/wp-content\/uploads\/2025\/06\/manuel-antonio-night-walk-1-1024x683.jpg.webp.webp 780w, https:\/\/pavonaparking.com\/wp-content\/uploads\/2025\/06\/manuel-antonio-night-walk-1-1024x683.jpg.webp.webp 360w\" sizes=\"auto, (max-width: 480px) 150px\" src=\"https:\/\/pavonaparking.com\/wp-content\/uploads\/2025\/06\/manuel-antonio-night-walk-1-1024x683.jpg.webp.webp\" alt=\"\" class=\"uag-image-663\" width=\"600\" height=\"464\" title=\"manuel-antonio-night-walk-1-1024x683.jpg.webp\" loading=\"lazy\" role=\"img\"><\/figure><\/div>\n<\/div>\n<\/div><\/div>\n\n\n\n<div class=\"wp-block-uagb-container uagb-block-9d773bef alignfull uagb-is-root-container\"><div class=\"uagb-container-inner-blocks-wrap\">\n<div class=\"wp-block-uagb-container uagb-block-3d125eab\">\n<div class=\"wp-block-uagb-image alignleft uagb-block-5ac41074 wp-block-uagb-image--layout-default wp-block-uagb-image--effect-static wp-block-uagb-image--align-left\"><figure class=\"wp-block-uagb-image__figure\"><img decoding=\"async\" srcset=\"https:\/\/pavonaparking.com\/wp-content\/uploads\/2025\/06\/Flora-Fauna170.jpg ,https:\/\/pavonaparking.com\/wp-content\/uploads\/2025\/06\/Flora-Fauna170.jpg 780w, https:\/\/pavonaparking.com\/wp-content\/uploads\/2025\/06\/Flora-Fauna170.jpg 360w\" sizes=\"auto, (max-width: 480px) 150px\" src=\"https:\/\/pavonaparking.com\/wp-content\/uploads\/2025\/06\/Flora-Fauna170.jpg\" alt=\"\" class=\"uag-image-656\" width=\"600\" height=\"464\" title=\"Flore et faune170\" loading=\"lazy\" role=\"img\"><\/figure><\/div>\n<\/div>\n\n\n\n<div class=\"wp-block-uagb-container uagb-block-c6b25562\">\n<div class=\"wp-block-uagb-info-box uagb-block-f6672f87 uagb-infobox__content-wrap  uagb-infobox-icon-above-title uagb-infobox-image-valign-top wp-block-uagb-info-box--has-margin\"><div class=\"uagb-infobox-margin-wrapper\"><div class=\"uagb-ifb-content\"><div class=\"uagb-ifb-title-wrap\"><span class=\"uagb-ifb-title-prefix\">Disponible de mani\u00e8re saisonni\u00e8re (juillet \u00e0 octobre)<\/span><h2 class=\"uagb-ifb-title\">Excursion de nidification des tortues de mer<\/h2><\/div><p class=\"uagb-ifb-desc\">Assistez \u00e0 l&rsquo;un des \u00e9v\u00e9nements les plus incroyables de la nature : la nidification des tortues de mer sur les plages de Tortuguero. Accompagn\u00e9s de guides certifi\u00e9s, vous observerez ce moment fragile et inoubliable avec respect et attention.<br\/>Cette excursion nocturne est r\u00e9alis\u00e9e dans le respect de r\u00e8gles de conservation strictes afin de perturber le moins possible les tortues &#8211; une exp\u00e9rience vraiment \u00e9mouvante et \u00e9ducative. <\/p><\/div><\/div><\/div>\n\n\n\n<div class=\"wp-block-buttons is-layout-flex wp-block-buttons-is-layout-flex\">\n<div class=\"wp-block-button\"><a class=\"wp-block-button__link wp-element-button\">R\u00e9servez l&rsquo;excursion de nidification des tortues<\/a><\/div>\n<\/div>\n<\/div>\n<\/div><\/div>\n\n\n\n<div class=\"wp-block-uagb-container uagb-block-f9c98f8b alignfull uagb-is-root-container\"><div class=\"uagb-container-inner-blocks-wrap\">\n<div class=\"wp-block-uagb-container uagb-block-79239d01\">\n<div class=\"wp-block-uagb-info-box uagb-block-7e3c4900 uagb-infobox__content-wrap  uagb-infobox-icon-above-title uagb-infobox-image-valign-top wp-block-uagb-info-box--has-margin\"><div class=\"uagb-infobox-margin-wrapper\"><div class=\"uagb-ifb-content\"><div class=\"uagb-ifb-title-wrap\"><span class=\"uagb-ifb-title-prefix\">Une fa\u00e7on unique de d\u00e9couvrir l&rsquo;eau<\/span><h2 class=\"uagb-ifb-title\">P\u00eache sportive et traditionnelle<\/h2><\/div><p class=\"uagb-ifb-desc\">Explorez les eaux riches de Tortuguero avec un guide local, que vous recherchiez le frisson de la <strong>p\u00eache sportive avec remise \u00e0 l&rsquo;eau ou<\/strong>une <strong>exp\u00e9rience de p\u00eache artisanale<\/strong> plus <strong>authentique<\/strong> avec des techniques traditionnelles.<br\/>Ces excursions offrent une perspective unique sur la culture et la biodiversit\u00e9 de la r\u00e9gion, et sont parfaites pour les passionn\u00e9s de p\u00eache comme pour les voyageurs curieux.<\/p><\/div><\/div><\/div>\n\n\n\n<div class=\"wp-block-buttons is-layout-flex wp-block-buttons-is-layout-flex\">\n<div class=\"wp-block-button\"><a class=\"wp-block-button__link wp-element-button\">R\u00e9servez une excursion de p\u00eache<\/a><\/div>\n<\/div>\n<\/div>\n\n\n\n<div class=\"wp-block-uagb-container uagb-block-b731fed2\">\n<div class=\"wp-block-uagb-image alignleft uagb-block-b5743d0c wp-block-uagb-image--layout-default wp-block-uagb-image--effect-static wp-block-uagb-image--align-left\"><figure class=\"wp-block-uagb-image__figure\"><img decoding=\"async\" srcset=\"https:\/\/pavonaparking.com\/wp-content\/uploads\/2025\/06\/captain-eddie-brown.jpg ,https:\/\/pavonaparking.com\/wp-content\/uploads\/2025\/06\/captain-eddie-brown.jpg 780w, https:\/\/pavonaparking.com\/wp-content\/uploads\/2025\/06\/captain-eddie-brown.jpg 360w\" sizes=\"auto, (max-width: 480px) 150px\" src=\"https:\/\/pavonaparking.com\/wp-content\/uploads\/2025\/06\/captain-eddie-brown.jpg\" alt=\"\" class=\"uag-image-661\" width=\"600\" height=\"464\" title=\"capitaine-eddie-brown\" loading=\"lazy\" role=\"img\"><\/figure><\/div>\n<\/div>\n<\/div><\/div>\n<\/div><\/div>\n\n<div class=\"wp-block-uagb-container uagb-block-94e5ad93 alignfull uagb-is-root-container\"><div class=\"uagb-container-inner-blocks-wrap\">\n<div class=\"wp-block-uagb-info-box uagb-block-01720b37 uagb-infobox__content-wrap  uagb-infobox-icon-above-title uagb-infobox-image-valign-top\"><div class=\"uagb-ifb-content\"><div class=\"uagb-ifb-icon-wrap\"><svg xmlns=\"https:\/\/www.w3.org\/2000\/svg\" viewbox=\"0 0 448 512\"><path d=\"M96 96C42.98 96 0 138.1 0 192s42.98 96 96 96c11.28 0 21.95-2.305 32-5.879V288c0 35.3-28.7 64-64 64c-17.67 0-32 14.33-32 32s14.33 32 32 32c70.58 0 128-57.42 128-128V192C192 138.1 149 96 96 96zM448 192c0-53.02-42.98-96-96-96s-96 42.98-96 96s42.98 96 96 96c11.28 0 21.95-2.305 32-5.879V288c0 35.3-28.7 64-64 64c-17.67 0-32 14.33-32 32s14.33 32 32 32c70.58 0 128-57.42 128-128V192z\"><\/path><\/svg><\/div><div class=\"uagb-ifb-title-wrap\"><h2 class=\"uagb-ifb-title\">\u00ab\u00a0L&rsquo;excursion que nous avons r\u00e9serv\u00e9e par l&rsquo;interm\u00e9diaire de Pavona Parking a \u00e9t\u00e9 le point culminant de notre voyage ! Le guide \u00e9tait bien inform\u00e9, sympathique et nous a aid\u00e9s \u00e0 rep\u00e9rer des animaux sauvages \u00e9tonnants. Tout \u00e9tait parfaitement organis\u00e9 &#8211; nous nous sommes sentis en s\u00e9curit\u00e9 et pris en charge tout au long du voyage.\u00a0\u00bb<\/h2><\/div><\/div><\/div>\n\n\n\n<div class=\"wp-block-uagb-advanced-heading uagb-block-e689f21b\"><div class=\"uagb-heading-text\">&#8211; <em>Emma L., Canada<\/em><\/div><\/div>\n<\/div><\/div>\n\n<div class=\"wp-block-uagb-container uagb-block-0d6e6fa5 alignfull uagb-is-root-container\"><div class=\"uagb-container-inner-blocks-wrap\">\n<div class=\"wp-block-uagb-info-box uagb-block-a3aa2356 uagb-infobox__content-wrap  uagb-infobox-icon-above-title uagb-infobox-image-valign-top wp-block-uagb-info-box--has-margin\"><div class=\"uagb-infobox-margin-wrapper\"><div class=\"uagb-ifb-content\"><div class=\"uagb-ifb-title-wrap\"><span class=\"uagb-ifb-title-prefix\"><strong>Tout ce dont vous avez besoin pour votre voyage \u00e0 Tortuguero &#8211; en un seul endroit<\/strong><\/span><h2 class=\"uagb-ifb-title\"><strong>Parking, transferts en bateau et excursions, tout ce dont vous avez besoin pour une visite en douceur et sans stress.<\/strong><\/h2><\/div><\/div><\/div><\/div>\n\n\n\n<p class=\"has-text-align-center has-luminous-vivid-amber-color has-text-color has-link-color has-medium-font-size wp-elements-305fe719a98722a1dadb786a24da74ab\">\u00a0<strong><a href=\"https:\/\/pavonaparking.com\/\" title=\"Parking\">Parking<\/a><\/strong>\u00a0| \u00a0<strong><a href=\"https:\/\/pavonaparking.com\/la-pavona-to-tortuguero-boat\" title=\"Boat Transfers\">Boat Transfers<\/a><\/strong>\u00a0| \u00a0<strong><a href=\"https:\/\/pavonaparking.com\/tours\/\" title=\"Tours\">Tours<\/a><\/strong><\/p>\n<\/div><\/div>\n","protected":false},"excerpt":{"rendered":"<p>&#8211; Emma L., Canada<\/p>\n","protected":false},"author":1,"featured_media":0,"parent":0,"menu_order":0,"comment_status":"closed","ping_status":"closed","template":"","meta":{"_uag_custom_page_level_css":"","site-sidebar-layout":"no-sidebar","site-content-layout":"","ast-site-content-layout":"full-width-container","site-content-style":"default","site-sidebar-style":"default","ast-global-header-display":"","ast-banner-title-visibility":"","ast-main-header-display":"","ast-hfb-above-header-display":"","ast-hfb-below-header-display":"","ast-hfb-mobile-header-display":"","site-post-title":"disabled","ast-breadcrumbs-content":"","ast-featured-img":"","footer-sml-layout":"","ast-disable-related-posts":"","theme-transparent-header-meta":"enabled","adv-header-id-meta":"","stick-header-meta":"","header-above-stick-meta":"","header-main-stick-meta":"","header-below-stick-meta":"","astra-migrate-meta-layouts":"default","ast-page-background-enabled":"default","ast-page-background-meta":{"desktop":{"background-color":"var(--ast-global-color-4)","background-image":"","background-repeat":"repeat","background-position":"center center","background-size":"auto","background-attachment":"scroll","background-type":"","background-media":"","overlay-type":"","overlay-color":"","overlay-opacity":"","overlay-gradient":""},"tablet":{"background-color":"","background-image":"","background-repeat":"repeat","background-position":"center center","background-size":"auto","background-attachment":"scroll","background-type":"","background-media":"","overlay-type":"","overlay-color":"","overlay-opacity":"","overlay-gradient":""},"mobile":{"background-color":"","background-image":"","background-repeat":"repeat","background-position":"center center","background-size":"auto","background-attachment":"scroll","background-type":"","background-media":"","overlay-type":"","overlay-color":"","overlay-opacity":"","overlay-gradient":""}},"ast-content-background-meta":{"desktop":{"background-color":"var(--ast-global-color-5)","background-image":"","background-repeat":"repeat","background-position":"center center","background-size":"auto","background-attachment":"scroll","background-type":"","background-media":"","overlay-type":"","overlay-color":"","overlay-opacity":"","overlay-gradient":""},"tablet":{"background-color":"var(--ast-global-color-5)","background-image":"","background-repeat":"repeat","background-position":"center center","background-size":"auto","background-attachment":"scroll","background-type":"","background-media":"","overlay-type":"","overlay-color":"","overlay-opacity":"","overlay-gradient":""},"mobile":{"background-color":"var(--ast-global-color-5)","background-image":"","background-repeat":"repeat","background-position":"center center","background-size":"auto","background-attachment":"scroll","background-type":"","background-media":"","overlay-type":"","overlay-color":"","overlay-opacity":"","overlay-gradient":""}},"footnotes":""},"class_list":["post-821","page","type-page","status-publish","hentry"],"aioseo_notices":[],"uagb_featured_image_src":{"full":false,"thumbnail":false,"medium":false,"medium_large":false,"large":false,"1536x1536":false,"2048x2048":false},"uagb_author_info":{"display_name":"kayvalverde@gmail.com","author_link":"https:\/\/pavonaparking.com\/fr\/author\/kayvalverdegmail-com\/"},"uagb_comment_info":0,"uagb_excerpt":"&#8211; Emma L., Canada","_links":{"self":[{"href":"https:\/\/pavonaparking.com\/fr\/wp-json\/wp\/v2\/pages\/821","targetHints":{"allow":["GET"]}}],"collection":[{"href":"https:\/\/pavonaparking.com\/fr\/wp-json\/wp\/v2\/pages"}],"about":[{"href":"https:\/\/pavonaparking.com\/fr\/wp-json\/wp\/v2\/types\/page"}],"author":[{"embeddable":true,"href":"https:\/\/pavonaparking.com\/fr\/wp-json\/wp\/v2\/users\/1"}],"replies":[{"embeddable":true,"href":"https:\/\/pavonaparking.com\/fr\/wp-json\/wp\/v2\/comments?post=821"}],"version-history":[{"count":1,"href":"https:\/\/pavonaparking.com\/fr\/wp-json\/wp\/v2\/pages\/821\/revisions"}],"predecessor-version":[{"id":822,"href":"https:\/\/pavonaparking.com\/fr\/wp-json\/wp\/v2\/pages\/821\/revisions\/822"}],"wp:attachment":[{"href":"https:\/\/pavonaparking.com\/fr\/wp-json\/wp\/v2\/media?parent=821"}],"curies":[{"name":"wp","href":"https:\/\/api.w.org\/{rel}","templated":true}]}}