{"id":823,"date":"2025-06-03T12:27:20","date_gmt":"2025-06-03T12:27:20","guid":{"rendered":"https:\/\/pavonaparking.com\/comment-se-rendre-a-la-pavona\/"},"modified":"2026-03-05T03:43:23","modified_gmt":"2026-03-05T03:43:23","slug":"location","status":"publish","type":"page","link":"https:\/\/pavonaparking.com\/fr\/location\/","title":{"rendered":"Comment se rendre \u00e0 La Pavona"},"content":{"rendered":"\n<div class=\"wp-block-uagb-container uagb-block-83619173 alignfull uagb-is-root-container\"><div class=\"uagb-container-inner-blocks-wrap\">\n<div class=\"wp-block-uagb-info-box uagb-block-62021f15 uagb-infobox__content-wrap  uagb-infobox-icon-above-title uagb-infobox-image-valign-top\"><div class=\"uagb-ifb-content\"><div class=\"uagb-ifb-title-wrap\"><h1 class=\"uagb-ifb-title-prefix\">EMPLACEMENT<\/h1><h1 class=\"uagb-ifb-title\">Comment se rendre au parking Pavona<\/h1><\/div><\/div><\/div>\n<\/div><\/div>\n\n<div class=\"wp-block-uagb-container uagb-block-c97fe07f alignfull uagb-is-root-container\"><div class=\"uagb-container-inner-blocks-wrap\">\n<div class=\"wp-block-uagb-container uagb-block-7c2a0f73\">\n<p>Pavona Parking est situ\u00e9 directement \u00e0 l\u2019<strong>embarcad\u00e8re de La Pavona<\/strong>, le principal point d\u2019embarquement pour les voyageurs se rendant \u00e0 Tortuguero en bateau. Si vous venez de San Jos\u00e9, La Fortuna ou Gu\u00e1piles en voiture, notre emplacement est facile \u00e0 trouver via <strong>Waze ou Google Maps<\/strong> \u2014 recherchez simplement <strong>\u00ab Pavona Parking \u00bb<\/strong> ou saisissez l\u2019adresse suivante : <\/p>\n\n\n\n<blockquote class=\"wp-block-quote is-layout-flow wp-block-quote-is-layout-flow\">\n<p>\ud83d\udccd <em>Pavona<\/em> Parking &amp; Boat Tickets<\/p>\n<\/blockquote>\n\n\n\n<p>Une fois sur place, vous verrez une signalisation claire et notre personnel pr\u00eat \u00e0 vous accueillir. Nous sommes \u00e0 seulement quelques pas (moins d\u2019une minute) du terminal de bateaux, vous n\u2019aurez donc pas \u00e0 porter vos bagages bien loin. <\/p>\n\n\n\n<p>Nous vous recommandons d\u2019arriver au moins <strong>30 minutes avant l\u2019heure de d\u00e9part de votre bateau<\/strong>, surtout si vous voyagez pendant la haute saison. Notre parking s\u00e9curis\u00e9 est ouvert 24h\/24 et 7j\/7, et vous pouvez effectuer votre r\u00e9servation en ligne pour garantir votre place. <\/p>\n\n\n\n<p>Besoin d\u2019aide pour l\u2019itin\u00e9raire ? Utilisez notre carte interactive ci-dessous ou contactez-nous via WhatsApp. Nous serons ravis de vous guider.  <\/p>\n<\/div>\n<\/div><\/div>\n\n<div class=\"wp-block-uagb-container uagb-block-44ac5083 alignfull uagb-is-root-container\"><div class=\"uagb-container-inner-blocks-wrap\">\n<div class=\"wp-block-gmap-gmap-block gmap-block-ri37lqcu\"><iframe src=\"https:\/\/maps.google.com\/maps?q=Pavona+Parking&amp;z=10&amp;t=roadmap&amp;output=embed\" class=\"embd-map\" title=\"Pavona Parking\"><\/iframe><\/div>\n<\/div><\/div>\n\n<div class=\"wp-block-uagb-container uagb-block-0d6e6fa5 alignfull uagb-is-root-container\"><div class=\"uagb-container-inner-blocks-wrap\">\n<div class=\"wp-block-uagb-info-box uagb-block-a3aa2356 uagb-infobox__content-wrap  uagb-infobox-icon-above-title uagb-infobox-image-valign-top wp-block-uagb-info-box--has-margin\"><div class=\"uagb-infobox-margin-wrapper\"><div class=\"uagb-ifb-content\"><div class=\"uagb-ifb-title-wrap\"><span class=\"uagb-ifb-title-prefix\"><strong>Tout ce dont vous avez besoin pour votre voyage \u00e0 Tortuguero &#8211; en un seul endroit<\/strong><\/span><h2 class=\"uagb-ifb-title\"><strong>Parking, transferts en bateau et excursions, tout ce dont vous avez besoin pour une visite en douceur et sans stress.<\/strong><\/h2><\/div><\/div><\/div><\/div>\n\n\n\n<p class=\"has-text-align-center has-luminous-vivid-amber-color has-text-color has-link-color has-medium-font-size wp-elements-305fe719a98722a1dadb786a24da74ab\">\u00a0<strong><a href=\"https:\/\/pavonaparking.com\/\" title=\"Parking\">Parking<\/a><\/strong>\u00a0| \u00a0<strong><a href=\"https:\/\/pavonaparking.com\/la-pavona-to-tortuguero-boat\" title=\"Boat Transfers\">Boat Transfers<\/a><\/strong>\u00a0| \u00a0<strong><a href=\"https:\/\/pavonaparking.com\/tours\/\" title=\"Tours\">Tours<\/a><\/strong><\/p>\n<\/div><\/div>\n","protected":false},"excerpt":{"rendered":"<p>Pavona Parking est situ\u00e9 directement \u00e0 l\u2019embarcad\u00e8re de La Pavona, le principal point d\u2019embarquement pour les voyageurs se rendant \u00e0 [&hellip;]<\/p>\n","protected":false},"author":1,"featured_media":785,"parent":0,"menu_order":0,"comment_status":"closed","ping_status":"closed","template":"","meta":{"_uag_custom_page_level_css":"","site-sidebar-layout":"default","site-content-layout":"","ast-site-content-layout":"full-width-container","site-content-style":"default","site-sidebar-style":"default","ast-global-header-display":"","ast-banner-title-visibility":"","ast-main-header-display":"","ast-hfb-above-header-display":"","ast-hfb-below-header-display":"","ast-hfb-mobile-header-display":"","site-post-title":"disabled","ast-breadcrumbs-content":"","ast-featured-img":"disabled","footer-sml-layout":"","ast-disable-related-posts":"","theme-transparent-header-meta":"enabled","adv-header-id-meta":"","stick-header-meta":"","header-above-stick-meta":"","header-main-stick-meta":"","header-below-stick-meta":"","astra-migrate-meta-layouts":"default","ast-page-background-enabled":"default","ast-page-background-meta":{"desktop":{"background-color":"var(--ast-global-color-4)","background-image":"","background-repeat":"repeat","background-position":"center center","background-size":"auto","background-attachment":"scroll","background-type":"","background-media":"","overlay-type":"","overlay-color":"","overlay-opacity":"","overlay-gradient":""},"tablet":{"background-color":"","background-image":"","background-repeat":"repeat","background-position":"center center","background-size":"auto","background-attachment":"scroll","background-type":"","background-media":"","overlay-type":"","overlay-color":"","overlay-opacity":"","overlay-gradient":""},"mobile":{"background-color":"","background-image":"","background-repeat":"repeat","background-position":"center center","background-size":"auto","background-attachment":"scroll","background-type":"","background-media":"","overlay-type":"","overlay-color":"","overlay-opacity":"","overlay-gradient":""}},"ast-content-background-meta":{"desktop":{"background-color":"var(--ast-global-color-5)","background-image":"","background-repeat":"repeat","background-position":"center center","background-size":"auto","background-attachment":"scroll","background-type":"","background-media":"","overlay-type":"","overlay-color":"","overlay-opacity":"","overlay-gradient":""},"tablet":{"background-color":"var(--ast-global-color-5)","background-image":"","background-repeat":"repeat","background-position":"center center","background-size":"auto","background-attachment":"scroll","background-type":"","background-media":"","overlay-type":"","overlay-color":"","overlay-opacity":"","overlay-gradient":""},"mobile":{"background-color":"var(--ast-global-color-5)","background-image":"","background-repeat":"repeat","background-position":"center center","background-size":"auto","background-attachment":"scroll","background-type":"","background-media":"","overlay-type":"","overlay-color":"","overlay-opacity":"","overlay-gradient":""}},"footnotes":""},"class_list":["post-823","page","type-page","status-publish","has-post-thumbnail","hentry"],"aioseo_notices":[],"uagb_featured_image_src":{"full":["https:\/\/pavonaparking.com\/wp-content\/uploads\/2025\/06\/1748962912886-1-scaled.jpg",2560,1707,false],"thumbnail":["https:\/\/pavonaparking.com\/wp-content\/uploads\/2025\/06\/1748962912886-1-150x150.jpg",150,150,true],"medium":["https:\/\/pavonaparking.com\/wp-content\/uploads\/2025\/06\/1748962912886-1-300x200.jpg",300,200,true],"medium_large":["https:\/\/pavonaparking.com\/wp-content\/uploads\/2025\/06\/1748962912886-1-768x512.jpg",768,512,true],"large":["https:\/\/pavonaparking.com\/wp-content\/uploads\/2025\/06\/1748962912886-1-1024x683.jpg",1024,683,true],"1536x1536":["https:\/\/pavonaparking.com\/wp-content\/uploads\/2025\/06\/1748962912886-1-1536x1024.jpg",1536,1024,true],"2048x2048":["https:\/\/pavonaparking.com\/wp-content\/uploads\/2025\/06\/1748962912886-1-2048x1365.jpg",2048,1365,true]},"uagb_author_info":{"display_name":"kayvalverde@gmail.com","author_link":"https:\/\/pavonaparking.com\/fr\/author\/kayvalverdegmail-com\/"},"uagb_comment_info":0,"uagb_excerpt":"Pavona Parking est situ\u00e9 directement \u00e0 l\u2019embarcad\u00e8re de La Pavona, le principal point d\u2019embarquement pour les voyageurs se rendant \u00e0 [&hellip;]","_links":{"self":[{"href":"https:\/\/pavonaparking.com\/fr\/wp-json\/wp\/v2\/pages\/823","targetHints":{"allow":["GET"]}}],"collection":[{"href":"https:\/\/pavonaparking.com\/fr\/wp-json\/wp\/v2\/pages"}],"about":[{"href":"https:\/\/pavonaparking.com\/fr\/wp-json\/wp\/v2\/types\/page"}],"author":[{"embeddable":true,"href":"https:\/\/pavonaparking.com\/fr\/wp-json\/wp\/v2\/users\/1"}],"replies":[{"embeddable":true,"href":"https:\/\/pavonaparking.com\/fr\/wp-json\/wp\/v2\/comments?post=823"}],"version-history":[{"count":2,"href":"https:\/\/pavonaparking.com\/fr\/wp-json\/wp\/v2\/pages\/823\/revisions"}],"predecessor-version":[{"id":1077,"href":"https:\/\/pavonaparking.com\/fr\/wp-json\/wp\/v2\/pages\/823\/revisions\/1077"}],"wp:featuredmedia":[{"embeddable":true,"href":"https:\/\/pavonaparking.com\/fr\/wp-json\/wp\/v2\/media\/785"}],"wp:attachment":[{"href":"https:\/\/pavonaparking.com\/fr\/wp-json\/wp\/v2\/media?parent=823"}],"curies":[{"name":"wp","href":"https:\/\/api.w.org\/{rel}","templated":true}]}}